{"id":130,"date":"2015-02-22T13:28:22","date_gmt":"2015-02-22T12:28:22","guid":{"rendered":"https:\/\/www.direkt36.hu\/?page_id=130"},"modified":"2023-08-31T10:59:41","modified_gmt":"2023-08-31T08:59:41","slug":"impresszum","status":"publish","type":"page","link":"https:\/\/direkt36.exot.hu\/en\/impresszum\/","title":{"rendered":"Impresszum"},"content":{"rendered":"<p>Published by <b>Direkt36 Nonprofit Kft.<\/b><br \/>\nResponsible for publishing and editing: <b>Andr\u00e1s Peth\u0151<\/b>, managing director<br \/>\nDeeds of Association &#8211; <a href=\"https:\/\/www.direkt36.hu\/wp-content\/uploads\/2018\/09\/Ta\u0301rsasa\u0301gi-szerzo\u030bde\u0301s-201806.pdf\">download<\/a><\/p>\n<p><b>CONTACT<\/b><br \/>\nHungary, 1137, Budapest, Pozsonyi\u00a0street 10. 2. em. 8.<br \/>\nLetter to the editors:\u00a0<a href=\"mailto:info@direkt36.hu\" target=\"_top\" rel=\"noopener\">info@direkt36.hu<\/a><br \/>\n<a href=\"http:\/\/www.facebook.com\/direkt36\" target=\"_blank\" rel=\"noopener\">Facebook<\/a><br \/>\n<a href=\"http:\/\/www.twitter.com\/direkt36\" target=\"_blank\" rel=\"noopener\">Twitter<\/a><\/p>\n<p><b>STAFF<\/b><br \/>\n<b>Patrik Galavits<\/b> &#8211; reporter\u00a0(<a href=\"mailto:galavits.patrik@direkt36.hu\">e-mail<\/a>)<br \/>\n<b>Kamilla Marton<\/b> &#8211; reporter\u00a0(<a href=\"mailto:marton.kamilla@direkt36.hu\">e-mail<\/a>)<br \/>\n<b>Szabolcs Panyi<\/b> &#8211; reporter\u00a0(<a href=\"mailto:panyi@direkt36.hu\">e-mail<\/a>)<br \/>\n<b>Andr\u00e1s Peth\u0151<\/b> &#8211; editor, reporter\u00a0(<a href=\"mailto:petho@direkt36.hu\">e-mail<\/a>)<br \/>\n<b>Andr\u00e1s Szab\u00f3<\/b> &#8211; reporter (<a href=\"mailto:szabo.andras@direkt36.hu\">e-mail<\/a>)<br \/>\n<b>D\u00e1niel Sz\u0151ke<\/b>\u00a0&#8211; reporter (<a href=\"mailto:szoke.daniel@direkt36.hu\">e-mail<\/a>)<br \/>\n<strong>Zsuzsanna Wirth<\/strong> &#8211; reporter\u00a0(<a href=\"mailto:wirth.zsuzsanna@direkt36.hu\">e-mail<\/a>)<\/p>\n<p><b>P\u00e9ter N\u00e1dori<\/b> &#8211; director of operations<br \/>\n<b>Borb\u00e1la P\u00e1l<\/b> &#8211; nonprofit manager<\/p>\n<p><b>LEGAL ADVISERS<\/b><br \/>\n<b>Bea Bodrogi<\/b><br \/>\n<b>J\u00f3zsef K\u00e1rp\u00e1ti<\/b><\/p>","protected":false},"excerpt":{"rendered":"<p>Published by Direkt36 Nonprofit Kft. Responsible for publishing and editing: Andr\u00e1s Peth\u0151, managing director Deeds of Association &#8211; download CONTACT Hungary, 1137, Budapest, Pozsonyi\u00a0street 10. 2. em. 8. Letter to the editors:\u00a0info@direkt36.hu Facebook Twitter STAFF Patrik Galavits &#8211; reporter\u00a0(e-mail) Kamilla Marton &#8211; reporter\u00a0(e-mail) Szabolcs Panyi &#8211; reporter\u00a0(e-mail) Andr\u00e1s Peth\u0151 &#8211; editor, reporter\u00a0(e-mail) Andr\u00e1s Szab\u00f3 &#8211; [&hellip;]<\/p>\n","protected":false},"author":1,"featured_media":0,"parent":0,"menu_order":0,"comment_status":"closed","ping_status":"closed","template":"","meta":{"footnotes":""},"class_list":["post-130","page","type-page","status-publish","hentry"],"_links":{"self":[{"href":"https:\/\/direkt36.exot.hu\/en\/wp-json\/wp\/v2\/pages\/130","targetHints":{"allow":["GET"]}}],"collection":[{"href":"https:\/\/direkt36.exot.hu\/en\/wp-json\/wp\/v2\/pages"}],"about":[{"href":"https:\/\/direkt36.exot.hu\/en\/wp-json\/wp\/v2\/types\/page"}],"author":[{"embeddable":true,"href":"https:\/\/direkt36.exot.hu\/en\/wp-json\/wp\/v2\/users\/1"}],"replies":[{"embeddable":true,"href":"https:\/\/direkt36.exot.hu\/en\/wp-json\/wp\/v2\/comments?post=130"}],"version-history":[{"count":1,"href":"https:\/\/direkt36.exot.hu\/en\/wp-json\/wp\/v2\/pages\/130\/revisions"}],"predecessor-version":[{"id":9859,"href":"https:\/\/direkt36.exot.hu\/en\/wp-json\/wp\/v2\/pages\/130\/revisions\/9859"}],"wp:attachment":[{"href":"https:\/\/direkt36.exot.hu\/en\/wp-json\/wp\/v2\/media?parent=130"}],"curies":[{"name":"wp","href":"https:\/\/api.w.org\/{rel}","templated":true}]}}