{"id":182,"date":"2015-02-22T16:10:17","date_gmt":"2015-02-22T15:10:17","guid":{"rendered":"https:\/\/www.direkt36.hu\/?page_id=182"},"modified":"2023-08-31T10:54:59","modified_gmt":"2023-08-31T08:54:59","slug":"kik-vagyunk","status":"publish","type":"page","link":"https:\/\/direkt36.exot.hu\/en\/kik-vagyunk\/","title":{"rendered":"Team"},"content":{"rendered":"<p><\/p>\n<p class=\"p1\">Direkt36 is a non-profit investigative journalism center in Hungary with the mission to expose wrongdoings and abuse of power through fair but tough reporting, a kind of journalism that is vital for any democracy.<\/p>\n<p class=\"p1\">We provide the Hungarian and international audience with in-depth accountability reporting that most of the Hungarian media outlets do not have the resources to pursue. Direkt36 is not part of the competition of news organizations covering daily events, which allows us to focus our resources exclusively on conducting systematic investigations.<\/p>\n<p class=\"p1\">We actively participate in the work of a growing international investigative journalism community and we publish all of our stories &#8211; which often have international implications &#8211; also in English.<\/p>\n<div class=\"info-page-container\">\n<h1 id=\"rolunk-munkatarsak\">Staff<\/h1>\n<h3>Patrik Galavits &#8211; journalist<\/h3>\n<div style=\"position: relative; overflow: hidden;\">\n<div class=\"info-avatar\"><img loading=\"lazy\" decoding=\"async\" class=\"alignnone size-medium wp-image-8098\" src=\"https:\/\/www.direkt36.hu\/wp-content\/uploads\/2022\/10\/signal-2022-10-13-123738_004-300x200.jpeg\" alt=\"\" width=\"300\" height=\"200\" \/><\/div>\n<div class=\"info-text-av\">Patrik graduated in Public and International Administration from the National University of Public Service. He started out as a private sector employee at multinational corporations before he ventured into journalism. He became a reporter and radio show host at Klubr\u00e1di\u00f3, then he produced a podcast and wrote articles at Azonnali.hu. Most recently he worked at Forbes Hungary. In 2019, he won a grant at WDR, a public broadcaster based in Germany. In 2022, he took part in an International Visitor Leadership Program for journalists, organized by the United States Department of State. He has been nominated for the Quality Journalism Award multiple times. His investigative article series involving abuses and sexual harassment at the Hungarian Dance Academy earned him a nomination for the Transparency Soma Award in 2021.<\/div>\n<\/div>\n<h3>Kamilla Marton &#8211; journalist<\/h3>\n<div style=\"position: relative; overflow: hidden;\">\n<div class=\"info-avatar\"><img loading=\"lazy\" decoding=\"async\" class=\"alignnone size-medium wp-image-8099\" src=\"https:\/\/www.direkt36.hu\/wp-content\/uploads\/2022\/10\/signal-2022-10-13-123738_002-300x200.jpeg\" alt=\"\" width=\"300\" height=\"200\" \/><\/div>\n<div class=\"info-text-av\">Kamilla graduated from the Budapest Metropolitan University in Communication and Media Science. She started her career at Direkt36 as a junior journalist. She is mainly interested in the cultural background of underground subcultures and social inequalities. She loves extreme sports.<\/div>\n<\/div>\n<h3>Szabolcs Panyi &#8211; journalist<\/h3>\n<div style=\"position: relative; overflow: hidden;\">\n<div class=\"info-avatar\"><img loading=\"lazy\" decoding=\"async\" class=\"alignnone size-medium wp-image-7859\" src=\"https:\/\/www.direkt36.hu\/wp-content\/uploads\/2022\/06\/PSZ_2022-300x200.jpg\" alt=\"Panyi Szabolcs - Direkt36\" width=\"300\" height=\"200\" \/><\/div>\n<div class=\"info-text-av\">Szabolcs graduated from E\u00f6tv\u00f6s Lor\u00e1nd University where he studied Hungarian language and literature. Between 2013 and 2018, he was an editor and political reporter at Index.hu. At Arizona State University, he studied investigative journalism on a Fulbright Fellowship in 2017-2018. In the fall of 2018, he joined Direkt36, where he mainly works on stories related to national security and foreign policy. Meanwhile, he helped launch VSquare.org, a Warsaw-based cross-border investigative journalism initiative for the Visegr\u00e1d region, where he is currently leading the Central Eastern European investigations. He received the Quality Journalism Award and the Transparency-Soma Award four times each, and he was also shortlisted for the European Press Prize in 2018 and 2021.<\/div>\n<\/div>\n<h3>Andr\u00e1s Peth\u0151 &#8211; director, founder, editor<\/h3>\n<div style=\"position: relative; overflow: hidden;\">\n<div class=\"info-avatar\"><img loading=\"lazy\" decoding=\"async\" class=\"alignnone size-medium wp-image-7864\" src=\"https:\/\/www.direkt36.hu\/wp-content\/uploads\/2022\/06\/PA_2022-300x200.jpg\" alt=\"Peth\u0151 Andr\u00e1s - Direkt36\" width=\"300\" height=\"200\" \/><\/div>\n<div class=\"info-text-av\">Andr\u00e1s is a co-founder, editor and executive director of Direkt36. Previously, he was a senior editor for leading Hungarian news site Origo before it had been transformed into the government\u2019s propaganda outlet. He also worked for the BBC World Service in London and was a reporter at the investigative unit of The Washington Post. He has contributed to several international reporting projects, including The Panama Papers. He twice won the Soma Prize, the prestigious annual award dedicated to investigative journalism in Hungary. He was a World Press Institute fellow in 2008, a Humphrey fellow at the University of Maryland in 2012\/13, and a Nieman fellow at Harvard University in 2019\/20. Andr\u00e1s has taught journalism courses at Hungarian universities.<\/div>\n<\/div>\n<h3>Andr\u00e1s Szab\u00f3 &#8211; journalist<\/h3>\n<div style=\"position: relative; overflow: hidden;\">\n<div class=\"info-avatar\"><img loading=\"lazy\" decoding=\"async\" class=\"alignnone size-medium wp-image-7861\" src=\"https:\/\/www.direkt36.hu\/wp-content\/uploads\/2022\/06\/SZA_2022-300x200.jpg\" alt=\"Szab\u00f3 Andr\u00e1s - Direkt36\" width=\"300\" height=\"200\" \/><\/div>\n<div class=\"info-text-av\">Andr\u00e1s worked eight years as a journalist at Origo, a then prestigious online news site, but also spent several years at Index and vs.hu news outlets. At Direkt36 he covers Russian-Hungarian relations, activities of business circles close to Fidesz, and political decision making processes of the Orb\u00e1n government. In 2011 he received the G\u0151b\u00f6ly\u00f6s Soma Award dedicated to investigative journalism in Hungary, and in 2010 he won the Quality Journalism Award, both for a series of articles that focused on a corruption case connected to the former Socialist-led government.<\/div>\n<\/div>\n<h3>D\u00e1niel Sz\u0151ke &#8211; journalist<\/h3>\n<div style=\"position: relative; overflow: hidden;\">\n<div class=\"info-avatar\"><img loading=\"lazy\" decoding=\"async\" class=\"alignnone size-medium wp-image-7865\" src=\"https:\/\/www.direkt36.hu\/wp-content\/uploads\/2022\/06\/SZD_2022-300x200.jpg\" alt=\"Sz\u0151ke D\u00e1niel - Direkt36\" width=\"300\" height=\"200\" \/><\/div>\n<div class=\"info-text-av\">Graduated from E\u00f6tv\u00f6s Lor\u00e1nd University at 2013 as a librarian scientist. As a freelancer he worked with 444.hu news-site for several years, and in 2020 attended Transparency International\u2019s mentor program for investigative journalists. In January 2021 he started to work as an intern, and since September 2021 he is a full-time journalist of Direkt36.<\/div>\n<\/div>\n<h3>Zsuzsanna Wirth &#8211; journalist<\/h3>\n<div style=\"position: relative; overflow: hidden;\">\n<div class=\"info-avatar\"><img loading=\"lazy\" decoding=\"async\" class=\"alignnone size-medium wp-image-7863\" src=\"https:\/\/www.direkt36.hu\/wp-content\/uploads\/2022\/06\/WZS_2022-300x200.jpg\" alt=\"Wirth Zsuzsanna - Direkt36\" width=\"300\" height=\"200\" \/><\/div>\n<div class=\"info-text-av\">Zsuzsanna started her journalistic carreer at Origo, where she spent ten years at the news desk, covering and investigating various political and social issues as well as corruption and organized crime. She was awarded the Prize for Quality Journalism three times, and is also a special awards winner of the G\u0151b\u00f6ly\u00f6s J\u00f3zsef Soma Foundation. She worked for the Hungarian editions of Forbes and Marie Claire. She has worked at Direkt36 as a journalist since 2016, and as an editor since 2022. In 2022, she studied OSINT techniques as an OCCRP Research Fellow. She teaches journalism at ELTE&#8217;s media department.<\/div>\n<\/div>\n<h3>P\u00e9ter N\u00e1dori &#8211; COO<\/h3>\n<div style=\"position: relative; overflow: hidden;\">\n<div class=\"info-avatar\"><img loading=\"lazy\" decoding=\"async\" class=\"alignnone size-medium wp-image-7866\" src=\"https:\/\/www.direkt36.hu\/wp-content\/uploads\/2022\/06\/NP_2022-300x200.jpg\" alt=\"N\u00e1dori P\u00e9ter - Direkt36\" width=\"300\" height=\"200\" \/><\/div>\n<div class=\"info-text-av\">The first editor-in-chief of Origo, P\u00e9ter worked with Direkt36 founders Andr\u00e1s Peth\u0151 and Gerg\u0151 S\u00e1ling at the news portal. His other positions and activities included a long stint as deputy CEO of Lapcom (a print\/online publishing conglomerate), academic publications, and teaching at several universities. In 2020-21 he assisted the team leaving Index to launch the crowdfunded news portal, Telex. He was one of the founders (and, later, chairperson) of the Association of Hungarian Content Providers.<\/div>\n<\/div>\n<h3>Borb\u00e1la P\u00e1l &#8211; nonprofit manager<\/h3>\n<div style=\"position: relative; overflow: hidden;\">\n<div class=\"info-avatar\"><img loading=\"lazy\" decoding=\"async\" class=\"alignnone size-medium wp-image-8100\" src=\"https:\/\/www.direkt36.hu\/wp-content\/uploads\/2022\/10\/signal-2022-10-13-123738_003-300x200.jpeg\" alt=\"\" width=\"300\" height=\"200\" \/><\/div>\n<div class=\"info-text-av\">Bori studied social sciences at the E\u00f6tv\u00f6s Lor\u00e1nd University and the Central European University in Budapest. Afterwards, she worked for Centropa, an international educational NGO aiming to preserve Jewish memory. She enjoys working and volunteering for civil organizations, and is passionate about non-formal education and social inclusion.<\/div>\n<\/div>\n<h1 id=\"rolunk-tanacsado\">Advisory Board<\/h1>\n<p>Direkt36 is supported by two advisory bodies.<\/p>\n<p>The members of our journalistic advisory group are M\u00e1rton Galambos, S\u00e1ndor Orb\u00e1n and Bal\u00e1zs Weyer.<\/p>\n<p>Our Strategic Review Board, which supports our business planning, is composed of No\u00e9mi Alexa, Viktor B\u00e1lint, and Sebastian Esser.<\/p>\n<\/div>\n<h1 id=\"rolunk-gazdalkodas\">Financial reports<\/h1>\n<p>\u2022 Deeds of association, created in 2014, amended in 2022 &#8211; <a href=\"https:\/\/www.direkt36.hu\/wp-content\/uploads\/2023\/06\/Direkt36_alapito_okirat_2022.pdf\">download<\/a><\/p>\n<h4>Direkt36 report 2022<\/h4>\n<p>\u2022 Transparency report 2022 &#8211; <a href=\"https:\/\/www.direkt36.hu\/wp-content\/uploads\/2023\/07\/Transparency-report-2022.pdf\">download<\/a><br \/>\n\u2022 Financial statement and balance sheet 2022 &#8211; <a href=\"https:\/\/www.direkt36.hu\/wp-content\/uploads\/2023\/06\/CEGINFO_EB20220101-20221231_Direkt36_U.pdf\">download<\/a><br \/>\n\u2022 Notes to the financial statement 2022 &#8211; <a href=\"https:\/\/www.direkt36.hu\/wp-content\/uploads\/2023\/06\/direkt36ujsagirokozpontnonprofitkft_kieg_melleklet_2022..pdf\">download<\/a><br \/>\n\u2022 Public benefit statement 2022 &#8211; <a href=\"https:\/\/www.direkt36.hu\/wp-content\/uploads\/2023\/06\/direkt36_kozhasznusagi_jelent__2022.ev_.pdf\">download<\/a><\/p>\n<p class=\"p2\"><span class=\"s3\"><a href=\"https:\/\/www.direkt36.hu\/en\/beszamolok\/\">Previous years\u00a0<\/a><a href=\"https:\/\/www.direkt36.hu\/beszamolok\/\" target=\"_blank\" rel=\"noopener\"><span style=\"font-family: 'fontawesome'; color: #db514d !important;\">\uf054<\/span><\/a><\/span><\/p>\n<h1 id=\"rolunk-tamogatok\">Our supporters<\/h1>\n<p class=\"p1\"><span class=\"s1\">Since Direkt36 was founded in 2015, more than 2,700 private donors have supported our work on more than 11,000 occasions. We cover a significant part of our operating costs with funds received from our private donors and fees paid by our media partners that publish our stories.<br \/>\nFor more details click <a href=\"https:\/\/www.direkt36.hu\/wp-content\/uploads\/2018\/04\/D36-impact-report-2017-ENG.pdf\"><span class=\"s2\">here<\/span><\/a>.<\/span><\/p>\n<p class=\"p1\"><span class=\"s1\">Our supporters who gave their consent to publish their name:<\/span><\/p>\n<p class=\"p1\"><span class=\"s1\">Anne Avis<br \/>\nJimena Abad<br \/>\n<\/span><span class=\"s1\">Tam\u00e1s B\u00f3di<br \/>\n<\/span><span class=\"s1\">Adrienne Erd\u0151v\u00e9gi<br \/>\n<\/span><span class=\"s1\">S\u00e1ndor Jo\u00f3b<br \/>\n<\/span><span class=\"s1\">Ildik\u00f3 Naetar-Bakcsi<br \/>\nTibor Sipos<br \/>\n<\/span><span class=\"s1\">Istv\u00e1n Varga<\/span><\/p>\n<p class=\"p1\"><span class=\"s1\"><i>(Are you a supporter and would like to see your name here? Send an e-mail to <\/i><a href=\"mailto:info@direkt36.hu\"><span class=\"s2\"><i>info@direkt36.hu<\/i><\/span><\/a><i>.)<\/i><\/span><\/p>\n<p>Foundation for Democracy and Pluralism<\/p>\n<p>Civitates<\/p>\n<p>Sigrid Rausing Trust<\/p>\n<div class=\"sponsors-matrix\">\n<ul>\n<li><span style=\"display: block; border-bottom: 1px solid #444; padding: 0 0 2px 0; margin: 0 0 10px 0;\">CREDITEXPRESS Group<br \/>\n<\/span><a href=\"http:\/\/creditexpress.hu\/\" target=\"_blank\" rel=\"noopener\"><img decoding=\"async\" class=\"alignnone wp-image-667 \" src=\"\/\/www.direkt36.hu\/wp-content\/uploads\/2016\/04\/CE_group_color.png\" alt=\"\" \/><\/a><\/li>\n<li><span style=\"display: block; border-bottom: 1px solid #444; padding: 0 0 2px 0; margin: 0 0 10px 0;\">FRITT ORD<\/span><a href=\"http:\/\/www.frittord.no\/en\/\" target=\"_blank\" rel=\"noopener\"><img decoding=\"async\" class=\"\" src=\"\/\/www.direkt36.hu\/wp-content\/uploads\/2015\/04\/logo_fritt_ord.png\" alt=\"\" \/><\/a><\/li>\n<li><span style=\"display: block; border-bottom: 1px solid #444; padding: 0 0 2px 0; margin: 0 0 10px 0;\">Internews<br \/>\n<\/span><a href=\"http:\/\/www.internews.org\/\" target=\"_blank\" rel=\"noopener\"><img decoding=\"async\" class=\"alignnone wp-image-667 \" src=\"\/\/www.direkt36.hu\/wp-content\/uploads\/2016\/02\/inews_logo.jpg\" alt=\"\" \/><\/a><\/li>\n<li><span style=\"display: block; border-bottom: 1px solid #444; padding: 0 0 2px 0; margin: 0 0 10px 0;\">Open Society Foundations<br \/>\n<\/span><a href=\"http:\/\/www.opensocietyfoundations.org\/\" target=\"_blank\" rel=\"noopener\"><img loading=\"lazy\" decoding=\"async\" width=\"1023\" height=\"239\" class=\"alignnone wp-image-413\" src=\"\/\/www.direkt36.hu\/wp-content\/uploads\/2014\/11\/OSF-logo_RGB.jpg\" alt=\"\" srcset=\"https:\/\/direkt36.exot.hu\/wp-content\/uploads\/2014\/11\/OSF-logo_RGB.jpg 1023w, https:\/\/direkt36.exot.hu\/wp-content\/uploads\/2014\/11\/OSF-logo_RGB-800x187.jpg 800w, https:\/\/direkt36.exot.hu\/wp-content\/uploads\/2014\/11\/OSF-logo_RGB-768x179.jpg 768w\" sizes=\"auto, (max-width: 1023px) 100vw, 1023px\" \/><\/a><\/li>\n<li><span style=\"display: block; border-bottom: 1px solid #444; padding: 0 0 2px 0; margin: 0 0 10px 0;\">Real Reporting Foundation<\/span><a href=\"http:\/\/newslanc.com\/\" target=\"_blank\" rel=\"noopener\"><img decoding=\"async\" class=\"\" src=\"\/\/www.direkt36.hu\/wp-content\/uploads\/2015\/07\/RealReporting_logo.jpg\" alt=\"\" \/><\/a><\/li>\n<li><span style=\"display: block; border-bottom: 1px solid #444; padding: 0 0 2px 0; margin: 0 0 10px 0;\">Rockefeller Brothers Fund<\/span><a href=\"http:\/\/www.rbf.org\/\" target=\"_blank\" rel=\"noopener\"><img decoding=\"async\" class=\"\" src=\"\/\/www.direkt36.hu\/wp-content\/uploads\/2015\/02\/rbf.png\" alt=\"\" \/><\/a><\/li>\n<\/ul>\n<\/div>\n<p>&nbsp;<\/p>\n<h1 id=\"rolunk-partnerek\">Partners<\/h1>\n<div class=\"sponsors-matrix\">\n<ul>\n<li><span style=\"display: block; border-bottom: 1px solid #444; padding: 0 0 2px 0; margin: 0 0 10px 0;\">Global Investigative Journalism Network<br \/>\n<\/span><a href=\"http:\/\/www.gijn.org\" target=\"_blank\" rel=\"noopener\"><img loading=\"lazy\" decoding=\"async\" style=\"vertical-align: middle;\" src=\"\/\/www.direkt36.hu\/wp-content\/uploads\/2015\/07\/gijn1.png\" alt=\"GIJN\" width=\"292\" height=\"36\" \/><\/a><\/li>\n<li><span style=\"display: block; border-bottom: 1px solid #444; padding: 0 0 2px 0; margin: 0 0 10px 0;\">OCCRP<br \/>\n<\/span><a href=\"https:\/\/www.occrp.org\/en\" target=\"_blank\" rel=\"noopener\"><img decoding=\"async\" style=\"vertical-align: middle;\" src=\"\/\/www.direkt36.hu\/wp-content\/uploads\/2017\/05\/OCCRP_Banner_s.jpg\" alt=\"OCCRP\" \/><\/a><\/li>\n<\/ul>\n<\/div>\n<p>&nbsp;<\/p>\n<p>&nbsp;<\/p>","protected":false},"excerpt":{"rendered":"<p>Direkt36 is a non-profit investigative journalism center in Hungary with the mission to expose wrongdoings and abuse of power through fair but tough reporting, a kind of journalism that is vital for any democracy. We provide the Hungarian and international audience with in-depth accountability reporting that most of the Hungarian media outlets do not have [&hellip;]<\/p>\n","protected":false},"author":1,"featured_media":0,"parent":0,"menu_order":0,"comment_status":"closed","ping_status":"closed","template":"","meta":{"footnotes":""},"class_list":["post-182","page","type-page","status-publish","hentry"],"_links":{"self":[{"href":"https:\/\/direkt36.exot.hu\/en\/wp-json\/wp\/v2\/pages\/182","targetHints":{"allow":["GET"]}}],"collection":[{"href":"https:\/\/direkt36.exot.hu\/en\/wp-json\/wp\/v2\/pages"}],"about":[{"href":"https:\/\/direkt36.exot.hu\/en\/wp-json\/wp\/v2\/types\/page"}],"author":[{"embeddable":true,"href":"https:\/\/direkt36.exot.hu\/en\/wp-json\/wp\/v2\/users\/1"}],"replies":[{"embeddable":true,"href":"https:\/\/direkt36.exot.hu\/en\/wp-json\/wp\/v2\/comments?post=182"}],"version-history":[{"count":11,"href":"https:\/\/direkt36.exot.hu\/en\/wp-json\/wp\/v2\/pages\/182\/revisions"}],"predecessor-version":[{"id":9858,"href":"https:\/\/direkt36.exot.hu\/en\/wp-json\/wp\/v2\/pages\/182\/revisions\/9858"}],"wp:attachment":[{"href":"https:\/\/direkt36.exot.hu\/en\/wp-json\/wp\/v2\/media?parent=182"}],"curies":[{"name":"wp","href":"https:\/\/api.w.org\/{rel}","templated":true}]}}