{"id":1976,"date":"2016-04-25T19:10:24","date_gmt":"2016-04-25T17:10:24","guid":{"rendered":"https:\/\/www.direkt36.hu\/?page_id=1976"},"modified":"2024-09-29T15:25:22","modified_gmt":"2024-09-29T13:25:22","slug":"tamogass-minket","status":"publish","type":"page","link":"https:\/\/direkt36.exot.hu\/en\/tamogass-minket\/","title":{"rendered":"T\u00e1mogass minket!"},"content":{"rendered":"\r\n<style>\r\n.post-title {display: none;}\r\n.acc-pay > span {display: block; font-size: 0.9rem; line-height: 1rem;}\r\n<\/style>\r\n<iframe width=\"1199\" height=\"104\" seamless frameborder=\"0\" scrolling=\"no\" src=\"https:\/\/docs.google.com\/spreadsheets\/d\/1bAxSIQb7yRXvn8vxtcI3nc7zgSFEeDsFoLVdJxAHkyI\/pubchart?oid=1337446504&amp;format=interactive\"><\/iframe>\r\n\r\n<h1 style=\"text-align:center; font-size: 2.2em; max-width: 700px; margin:2em auto; line-height: 1.2em; text-transform:uppercase; color:#db514d;\">Membership Month is here!<br \/> Support Direkt36<\/h1>\r\n<p>The secret purchase of Euronews, the involvement of Viktor Orb\u00e1n\u2019s son in the military mission in Chad, hospital-acquired infections, cyberweapon wiretaps, Russian hackers in the Hungarian Foreign Ministry - no one would know about all this without Direkt36.<\/p>\r\n<p>And Direkt36 would not exist without its supporters.<\/p>\r\n<p>Our most important source of income is our audience: thousands of people have already joined our circle of supporters over the course of our operation. If you care about exposing public affairs hidden by those in power, please support our work now, in the Membership Month! Not only will you be supporting a good cause, you'll also learn about the trade secrets of this exciting work.<\/p>\r\n<div class=\"accordion-bral\">\r\n\r\n\t  <div class=\"acc1\">\r\n\t    <!-- accordion item 1 -- start -->\r\n\t    <input class=\"ac-input\" id=\"ac-1\" name=\"accordion-1\" type=\"checkbox\"\/>\r\n\t    <label class=\"ac-label\" for=\"ac-1\">\r\n\t\t\t\t<section>\r\n\t\t\t\t<div>Insider<\/div>\r\n\t\t\t\t<div><span>\uf021<\/span> Yearly 180\u20ac<\/div>\r\n\t\t\t\t<div><span>\uf021<\/span> Monthly 15\u20ac<\/div>\r\n\t\t\t<\/section>\r\n\t\t\t <section>\r\n\t\t\t\t Besides everything that our other supporters get, we\u2019ll invite you to our closed online and in-person events where you can meet our professional partners from other countries - many of them the international stars of investigative journalism. \r\n\t\t\t<\/section>\r\n\t\t\t<i><\/i><\/label>\r\n\r\n\t    <div class=\"article ac-content\">\r\n\t\t\t\t<section>\r\n\t\t\t\tInformation:<br>\r\n<ul>\r\n<li>Your support is used exclusively for our operations, and we account for it every year.<\/li>\r\n<li>Membership is valid for one year in case of annual payments, and for one month in case of monthly payments.<\/li>\r\n<li>Donations provided to Direkt36 do not legally qualify as a supply of goods or services. Therefore, we cannot issue invoices but we can provide you with a certificate.<\/li>\r\n<li>We take great care of your personal data and keep it only as long as you authorise that or it is required by law.<\/li>\r\n<\/ul>\r\nYou can read our Privacy Policy by <a href=\"https:\/\/www.direkt36.hu\/en\/adatkezelesi-tajekoztato\/\" target=\"_blank\" rel=\"noopener\">clicking here<\/a> and our Terms and Conditions by <a href=\"https:\/\/www.direkt36.hu\/en\/altalanos-szerzodesi-feltetelek\/\" target=\"_blank\" rel=\"noopener\">clicking here<\/a>.\r\nBy clicking on one of the payment buttons you consent to the processing of your personal data according to the above Privacy Policy, and you accept the above Terms and Conditions.\r\n<br \/>\r\nIf you have any questions, please write to <a href=\"mailto:tamogatas@direkt36.hu\" rel=\"noopener\" target=\"_blank\">tamogatas@direkt36.hu<\/a>!\r\n\t\t\t\t<div class=\"acc-spacer\"><\/div>\r\n\t\t\t<\/section>\r\n\r\n\t      <section>\r\n\t\t\t\t\t<a class=\"acc-pay\" href=\"https:\/\/buy.stripe.com\/fZecQ5etJatS0AU28a\" target=\"_blank\" rel=\"noopener\">\r\n\t\t\t\t\t<div class=\"funding-alone-icons\">\uf283<\/div>\r\n\t\t\t\t\tPAYMENT BY CREDIT OR DEBIT CARD <span>(You will be redirected to the Stripe payment interface.)<\/span>\r\n\t\t\t\t\t<h4><span>\uf021<\/span> Yearly 180\u20ac<\/h4>\r\n\t\t\t\t\t<\/a>\r\n\r\n\t\t\t\t\t<a class=\"acc-pay\" href=\"https:\/\/buy.stripe.com\/5kAdU90CTbxW4Ra289\" target=\"_blank\" rel=\"noopener\">\r\n\t\t\t\t\t<div class=\"funding-alone-icons\">\uf283<\/div>\r\n\t\t\t\t\tPayment by credit or debit card <span>(You will be redirected to the Stripe payment interface.)<\/span>\r\n\t\t\t\t\t<h4><span>\uf021<\/span> Monthly 15\u20ac<\/h4>\r\n\t\t\t\t\t<\/a>\r\n\r\n<div class=\"support-bank-container\">\r\n<hr style=\"margin:0;\">\r\n\r\n<div class=\"funding-alone-icons\">\uf19c<\/div>\r\n<a href=\"\/en\/banki-atutalas\/\" target=\"_blank\" rel=\"noopener\">Bank transfer<\/a>\r\n\r\n<hr style=\"margin:3em 0;\">\r\n\r\n<\/div>\r\n\r\n\t\t\t\t<\/section>\r\n\t    <\/div>\r\n\t  <\/div>\r\n\t  <!-- accordion item 1 -- end -->\r\n\r\n\t  <div class=\"acc2\">\r\n\t    <!-- accordion item 2 -- start -->\r\n\t    <input class=\"ac-input\" id=\"ac-2\" name=\"accordion-1\" type=\"checkbox\" \/>\r\n\t    <label class=\"ac-label\" for=\"ac-2\">\r\n\t\t\t\t<section>\r\n\t\t\t\t<div>Ally<\/div>\r\n\t\t\t\t<div><span>\uf021<\/span> Yearly 120\u20ac<\/div>\r\n\t\t\t\t<div><span>\uf021<\/span> Monthly 10\u20ac<\/div>\r\n\t\t\t\t<\/section>\r\n\t\t\t\t<section>\r\n\t\t\t\t If you need help to research companies or public records (especially if they are Hungary-related), we\u2019ll share our tips with you. You will also be welcome at our events and will get our e-books and newsletters.\r\n\t\t\t\t<\/section>\r\n\t\t\t\t<i><\/i><\/label>\r\n\t    <div class=\"article ac-content\">\r\n\t\t\t\t<section>\r\n\t\t\t\tInformation:<br>\r\n<ul>\r\n<li>Your support is used exclusively for our operations, and we account for it every year.<\/li>\r\n<li>Membership is valid for one year in case of annual payments, and for one month in case of monthly payments.<\/li>\r\n<li>Donations provided to Direkt36 do not legally qualify as a supply of goods or services. Therefore, we cannot issue invoices but we can provide you with a certificate.<\/li>\r\n<li>We take great care of your personal data and keep it only as long as you authorise that or it is required by law. <\/li>\r\n<\/ul>\r\nYou can read our Privacy Policy by <a href=\"https:\/\/www.direkt36.hu\/en\/adatkezelesi-tajekoztato\/\" target=\"_blank\" rel=\"noopener\">clicking here<\/a> and our Terms and Conditions by <a href=\"https:\/\/www.direkt36.hu\/en\/altalanos-szerzodesi-feltetelek\/\" target=\"_blank\" rel=\"noopener\">clicking here<\/a>\r\nBy clicking on one of the payment buttons you consent to the processing of your personal data according to the above Privacy Policy, and you accept the above Terms and Conditions.\r\n<br \/>\r\nIf you have any questions, please write to <a href=\"mailto:tamogatas@direkt36.hu\" rel=\"noopener\" target=\"_blank\">tamogatas@direkt36.hu<\/a>!\r\n\t\t\t\t<div class=\"acc-spacer\"><\/div>\r\n\t\t\t<\/section>\r\n\r\n\t      <section>\r\n\t\t\t\t\t<a class=\"acc-pay\" href=\"https:\/\/buy.stripe.com\/28o8zP4T99pO0AU14a\" target=\"_blank\" rel=\"noopener\">\r\n\t\t\t\t\t<div class=\"funding-alone-icons\">\uf283<\/div>\r\n\t\t\t\t\tPayment by credit or debit card <span>(You will be redirected to the Stripe payment interface.)<\/span>\r\n\t\t\t\t\t<h4><span>\uf021<\/span> Yearly 120\u20ac<\/h4>\r\n\t\t\t\t\t<\/a>\r\n\r\n\t\t\t\t\t<a class=\"acc-pay\" href=\"https:\/\/buy.stripe.com\/3cs17n5Xd7hG4Ra149\" target=\"_blank\" rel=\"noopener\">\r\n\t\t\t\t\t<div class=\"funding-alone-icons\">\uf283<\/div>\r\n\t\t\t\t\tPayment by credit or debit card <span>(You will be redirected to the Stripe payment interface.)<\/span>\r\n\t\t\t\t\t<h4><span>\uf021<\/span> Monthly 10\u20ac<\/h4>\r\n\t\t\t\t\t<\/a>\r\n\r\n<div class=\"support-bank-container\">\r\n<hr style=\"margin:0;\">\r\n\r\n<div class=\"funding-alone-icons\">\uf19c<\/div>\r\n<a href=\"\/en\/banki-atutalas\/\" target=\"_blank\" rel=\"noopener\">Bank transfer<\/a>\r\n\r\n<hr style=\"margin:3em 0;\">\r\n\r\n<\/div>\r\n\r\n\t\t\t\t<\/section>\r\n\t    <\/div>\r\n\t  <\/div>\r\n\t  <!-- accordion item 2 -- end -->\r\n\r\n\t  <div class=\"acc3\">\r\n\t    <!-- accordion item 3 -- start -->\r\n\t    <input class=\"ac-input\" id=\"ac-3\" name=\"accordion-1\" type=\"checkbox\" \/>\r\n\t    <label class=\"ac-label\" for=\"ac-3\">\r\n\t\t\t\t<section>\r\n\t\t\t\t<div>Partner<\/div>\r\n\t\t\t\t<div><span>\uf021<\/span> Yearly 60\u20ac<\/div>\r\n<div><span>\uf021<\/span> Monthly 5\u20ac<\/div>\r\n\t\t\t<\/section>\r\n\t\t\t <section>\r\n\t\t\t\t You will be welcome at our events (or in our office if you ever visit Budapest) and will also receive our e-books and newsletters with the backstories of our investigations.\r\n\t\t\t<\/section>\r\n\t\t\t\t<i><\/i><\/label>\r\n\t    <div class=\"article ac-content\">\r\n\t\t\t\t<section>\r\n\t\t\t\tInformation:<br>\r\n<ul>\r\n<li>Your support is used exclusively for our operations, and we account for it every year.<\/li>\r\n<li>Membership is valid for one year in case of annual payments, and for one month in case of monthly payments.<\/li>\r\n<li>Donations provided to Direkt36 do not legally qualify as a supply of goods or services. Therefore, we cannot issue invoices but we can provide you with a certificate.<\/li>\r\n<li>We take great care of your personal data and keep it only as long as you authorise that or it is required by law.<\/li>\r\n<\/ul>\r\nYou can read our Privacy Policy by <a href=\"https:\/\/www.direkt36.hu\/en\/adatkezelesi-tajekoztato\/\" target=\"_blank\" rel=\"noopener\">clicking here<\/a> and our Terms and Conditions by <a href=\"https:\/\/www.direkt36.hu\/en\/altalanos-szerzodesi-feltetelek\/\" target=\"_blank\" rel=\"noopener\">clicking here<\/a>.\r\nBy clicking on one of the payment buttons you consent to the processing of your personal data according to the above Privacy Policy, and you accept the above Terms and Conditions.\r\n<br \/>\r\nIf you have any questions, please write to <a href=\"mailto:tamogatas@direkt36.hu\" rel=\"noopener\" target=\"_blank\">tamogatas@direkt36.hu<\/a>!\r\n\t\t\t\t<div class=\"acc-spacer\"><\/div>\r\n\t\t\t<\/section>\r\n\r\n\t      <section>\r\n\t\t\t\t\t<a class=\"acc-pay\" href=\"https:\/\/buy.stripe.com\/cN24jzfxN1XmfvOcMQ\" target=\"_blank\" rel=\"noopener\">\r\n\t\t\t\t\t<div class=\"funding-alone-icons\">\uf283<\/div>\r\n\t\t\t\t\tPayment by credit or debit card <span>(You will be redirected to the Stripe payment interface.)<\/span>\r\n\t\t\t\t\t<h4><span>\uf021<\/span> Yearly 60\u20ac<\/h4>\r\n\t\t\t\t\t<\/a>\r\n<a class=\"acc-pay\" href=\"https:\/\/buy.stripe.com\/dR6dU9dpFatS5Ve9AD\" target=\"_blank\" rel=\"noopener\">\r\n\t\t\t\t\t<div class=\"funding-alone-icons\">\uf283<\/div>\r\n\t\t\t\t\tPayment by credit or debit card <span>(You will be redirected to the Stripe payment interface.)<\/span>\r\n\t\t\t\t\t<h4><span>\uf021<\/span> Monthly 5\u20ac<\/h4>\r\n\t\t\t\t\t<\/a>\r\n\r\n<div class=\"support-bank-container\">\r\n<hr style=\"margin:0;\">\r\n\r\n<div class=\"funding-alone-icons\">\uf19c<\/div>\r\n<a href=\"\/en\/banki-atutalas\/\" target=\"_blank\" rel=\"noopener\">Bank transfer<\/a>\r\n\r\n<hr style=\"margin:3em 0;\">\r\n\r\n<\/div>\r\n\t\t\t\t<\/section>\r\n\t    <\/div>\r\n\t  <\/div>\r\n\t  <!-- accordion item 3 -- end -->\r\n\r\n\t  <div class=\"acc4\">\r\n\t    <!-- accordion item 4 -- start -->\r\n\t    <input class=\"ac-input\" id=\"ac-4\" name=\"accordion-1\" type=\"checkbox\" \/>\r\n\t    <label class=\"ac-label\" for=\"ac-4\">\r\n\t\t\t\t<section>\r\n\t\t\t\t<div>Friend<\/div>\r\n\t\t\t\t<div><span>\uf021<\/span> Yearly 20\u20ac<\/div>\r\n\t\t\t<\/section>\r\n\t\t\t <section>\r\n\t\t\t\tYou will get our e-books, in which our reporters tell how they conducted their investigations. You will also receive our exclusive newsletters with our latest stories.\r\n\t\t\t<\/section>\r\n\t\t\t\t<i><\/i><\/label>\r\n\t    <div class=\"article ac-content\">\r\n\t\t\t\t<section>\r\n\t\t\t\tInformation:<br>\r\n<ul>\r\n<li>Your support is used exclusively for our operations, and we account for it every year.<\/li>\r\n<li>Membership is valid for one year in case of annual payments, and for one month in case of monthly payments.<\/li>\r\n<li>Donations provided to Direkt36 do not legally qualify as a supply of goods or services. Therefore, we cannot issue invoices but we can provide you with a certificate.<\/li>\r\n<li>We take great care of your personal data and keep it only as long as you authorise that or it is required by law. <\/li>\r\n<\/ul>\r\nYou can read our Privacy Policy by <a href=\"https:\/\/www.direkt36.hu\/en\/adatkezelesi-tajekoztato\/\" target=\"_blank\" rel=\"noopener\">clicking here<\/a> and our Terms and Conditions by <a href=\"https:\/\/www.direkt36.hu\/en\/altalanos-szerzodesi-feltetelek\/\" target=\"_blank\" rel=\"noopener\">clicking here<\/a>.\r\nBy clicking on one of the payment buttons you consent to the processing of your personal data according to the above Privacy Policy, and you accept the above Terms and Conditions.\r\n<br \/>\r\nIf you have any questions, please write to <a href=\"mailto:tamogatas@direkt36.hu\" rel=\"noopener\" target=\"_blank\">tamogatas@direkt36.hu<\/a>!\r\n\t\t\t\t<div class=\"acc-spacer\"><\/div>\r\n\t\t\t<\/section>\r\n\r\n\t      <section>\r\n\t\t\t\t\t<a class=\"acc-pay\" href=\"https:\/\/buy.stripe.com\/dR6bM1etJgSgdnGbIX\" target=\"_blank\" rel=\"noopener\">\r\n\t\t\t\t\t<div class=\"funding-alone-icons\">\uf283<\/div>\r\n\t\t\t\t\tPayment by credit or debit card <span>(You will be redirected to the Stripe payment interface.)<\/span>\r\n\t\t\t\t\t<h4><span>\uf021<\/span> Yearly 20\u20ac<\/h4>\r\n\t\t\t\t\t<\/a>\r\n<div class=\"support-bank-container\">\r\n<hr style=\"margin:0;\">\r\n\r\n<div class=\"funding-alone-icons\">\uf19c<\/div>\r\n<a href=\"\/en\/banki-atutalas\/\" target=\"_blank\" rel=\"noopener\">Bank transfer<\/a>\r\n\r\n<hr style=\"margin:3em 0;\">\r\n\r\n<\/div>\r\n\t\t\t\t<\/section>\r\n\t    <\/div>\r\n\t  <\/div>\r\n\t  <!-- accordion item 4 -- end -->\r\n\r\n<div class=\"acc4\">\r\n\t    <!-- accordion item 5 -- start -->\r\n\t    <input class=\"ac-input\" id=\"ac-5\" name=\"accordion-1\" type=\"checkbox\" \/>\r\n\t    <label class=\"ac-label\" for=\"ac-5\">\r\n\t\t\t\t<section>\r\n\t\t\t\t<div>Other<br>Amount<\/div>\r\n\t\t\t<\/section>\r\n\t\t\t <section>\r\n\t\t\t\tYou may support us with amounts different from the ones suggested above - either one-time or recurring. In return, you\u2019ll get our exclusive newsletters, and if the amount you send reaches one of the ones above, you\u2019ll get everything that is included in that respective category. \r\n\t\t\t<\/section>\r\n\t\t\t\t<i><\/i><\/label>\r\n\t    <div class=\"article ac-content\">\r\n\t\t\t\t<section>\r\n\t\t\t\tInformation:<br>\r\n<ul>\r\n<li>Your support is used exclusively for our operations, and we account for it every year.<\/li>\r\n<li>Membership is valid for one year in case of annual payments, and for one month in case of monthly payments.<\/li>\r\n<li>Donations provided to Direkt36 do not legally qualify as a supply of goods or services. Therefore, we cannot issue invoices but we can provide you with a certificate.<\/li>\r\n<li>We take great care of your personal data and keep it only as long as you authorise that or it is required by law. <\/li>\r\n<\/ul>\r\nYou can read our Privacy Policy by <a href=\"https:\/\/www.direkt36.hu\/en\/adatkezelesi-tajekoztato\/\" target=\"_blank\" rel=\"noopener\">clicking here<\/a> and our Terms and Conditions by <a href=\"https:\/\/www.direkt36.hu\/en\/altalanos-szerzodesi-feltetelek\/\" target=\"_blank\" rel=\"noopener\">clicking here<\/a>.\r\nBy clicking on one of the payment buttons you consent to the processing of your personal data according to the above Privacy Policy, and you accept the above Terms and Conditions.\r\n<br \/>\r\nIf you have any questions, please write to <a href=\"mailto:tamogatas@direkt36.hu\" rel=\"noopener\" target=\"_blank\">tamogatas@direkt36.hu<\/a>!\r\n\t\t\t\t<div class=\"acc-spacer\"><\/div>\r\n\t\t\t<\/section>\r\n\r\n\t      <section>\r\n\t\t\t\t\t<a class=\"acc-pay\" href=\"https:\/\/donate.stripe.com\/00g4jz2L19pOcjC5kk\" target=\"_blank\" rel=\"noopener\">\r\n\t\t\t\t\t<div class=\"funding-alone-icons\">\uf283<\/div>\r\n\t\t\t\t\tPayment by credit or debit card<span>(You will be redirected to the Stripe payment interface.)<\/span>\r\n<h4><\/h4>\r\n\t\t\t\t\t<\/a>\r\n<div class=\"support-bank-container\">\r\n<hr style=\"margin:0;\">\r\n\r\n<div class=\"funding-alone-icons\">\uf19c<\/div>\r\n<a href=\"\/en\/banki-atutalas\/\" target=\"_blank\" rel=\"noopener\">Bank transfer<\/a>\r\n\r\n<hr style=\"margin:3em 0;\">\r\n\r\n<\/div>\r\n\t\t\t\t<\/section>\r\n\t    <\/div>\r\n\t  <\/div>\r\n\t  <!-- accordion item 5 -- end -->\r\n\r\n\t<\/div>\r\n\r\n\r\n\r\n<div style=\"max-width: 700px; margin: 3em auto 3em auto; border-top:1px solid #ccc;text-align:center;\"> <\/div>\r\n\r\n<div style=\"max-width: 700px; margin: 2em auto 0 auto;\">\r\n<h3>Who are we?<\/h3>\r\n<p>\r\nDirekt36 is an investigative journalism centre that has been operating since 2015. We put all our efforts into monitoring those in power, investigating to expose abuses and cover-ups. It is thanks to the financial support of our readers that we can do this and that our team has been able to expand.\r\n<\/p>\r\n<img loading=\"lazy\" decoding=\"async\" src=\"https:\/\/www.direkt36.hu\/wp-content\/uploads\/2024\/09\/csoportkep_2024.jpg\" alt=\"\" width=\"1600\" height=\"736\" class=\"aligncenter size-full wp-image-8085\" \/>\r\n\r\n\r\n<h3>How can you support us?<\/h3>\r\n<p>With your debit\/credit card (via Stripe), or bank transfer. You can find more details by clicking on any of the supporter categories above. It is important to note that we welcome any amount of support. If you encounter problems with the transfer, please write to us at <a href=\"mailto:tamogatas@direkt36.hu\" rel=\"noopener\" target=\"_blank\">tamogatas@direkt36.hu<\/a> and we will help you!<\/p>\r\n<h3>What do you get in return?<\/h3>\r\n<p>By joining the Direkt36 supporter community, you will not only get solid, fact-based investigative stories, but you will also have insight into this exciting work. You will be the first to learn about the results of our investigations and we will also share the behind-the-scenes details of our investigations with you. For details, click on the supporter categories above.<\/p>\r\n<br>\r\n\r\n<h3>Questions and answers about support<\/h3>\r\n<b>I would like to change the amount of my support, what should I do?<\/b>\r\n<p>For technical reasons, you can only change the amount of your support by cancelling your previous one, and starting a new one. To cancel, email us at <a href=\"mailto:tamogatas@direkt36.hu\">tamogatas@direkt36.hu<\/a>. Then initiate a new support on this page.<\/p>\r\n<b>My bank card has expired, how can I continue to support you?<\/b>\r\n<p>Simply start a new support on this page! During the process, enter the email address to which you currently receive our insider newsletters. This way our database will automatically identify you, and your membership will be continuous.<\/p>\r\n<b>How can I cancel my membership?<\/b>\r\n<p>Write an email to <a href=\"mailto:tamogatas@direkt36.hu\">tamogatas@direkt36.hu<\/a>, and we will cancel your Paypal or Stripe support for you. In case of bank transfer, you can cancel the payment yourself.<\/p>\r\n<b>I am a supporter, but I don\u2019t receive newsletters. Can you help me?<\/b>\r\n<p>Write an email to <a href=\"mailto:tamogatas@direkt36.hu\">tamogatas@direkt36.hu<\/a>, and we will add you to our mailing list!<\/p>\r\n\r\n<br>\r\n<p>Do you need help or have any questions? Contact us at <a href=\"mailto:tamogatas@direkt36.hu\" rel=\"noopener\" target=\"_blank\">tamogatas@direkt36.hu<\/a><\/p>\r\n<\/div>\r\n<\/div>\r\n<div style=\"text-align: center; margin:0 5%;\">\r\nHelp us to reach more people, share this page!<br>\r\nThank you!\r\n<br><br>\r\n<div class=\"a2a_kit\" style=\"margin-bottom:1em;\">\r\n    <a class=\"a2a_button_facebook\"><img decoding=\"async\" src=\"\/\/www.direkt36.hu\/wp-content\/themes\/direkt36\/images\/facebook.svg\" border=\"0\" alt=\"Facebook\" ><\/a> <a class=\"a2a_button_twitter\"><img decoding=\"async\" src=\"\/\/www.direkt36.hu\/wp-content\/themes\/direkt36\/images\/twitter.svg\" border=\"0\" alt=\"Twitter\" ><\/a> <a class=\"a2a_button_email\"><img decoding=\"async\" src=\"\/\/www.direkt36.hu\/wp-content\/themes\/direkt36\/images\/email.svg\" border=\"0\" alt=\"Email\" ><\/a>\r\n<\/div>\r\n<script type=\"text\/javascript\" src=\"\/\/static.addtoany.com\/menu\/page.js\"><\/script> \r\n<\/div><!--more-->","protected":false},"excerpt":{"rendered":"Sorry, this entry is only available in Magyar. Kik vagyunk? A Direkt36 2015 \u00f3ta m\u0171k\u00f6d\u0151 t\u00e9nyfelt\u00e1r\u00f3 \u00fajs\u00e1g\u00edr\u00f3 k\u00f6zpont. Minden er\u0151nket a hatalmon l\u00e9v\u0151k ellen\u0151rz\u00e9s\u00e9re, a vissza\u00e9l\u00e9sek felt\u00e1r\u00e1s\u00e1ra, az eltitkolt t\u00f6rt\u00e9n\u00e9sek bemutat\u00e1s\u00e1ra \u00f6sszpontos\u00edtjuk. Olvas\u00f3ink p\u00e9nzbeli t\u00e1mogat\u00e1s\u00e1nak k\u00f6sz\u00f6nhet\u0151, hogy ezt megtehetj\u00fck, \u00e9s hogy csapatunkat az elm\u00falt id\u0151szakban b\u0151v\u00edteni is tudtuk. Hogyan t\u00e1mogathatsz? Bankk\u00e1rty\u00e1val (a Stripe \u00e1ltal biztos\u00edtott [&hellip;]","protected":false},"author":1,"featured_media":0,"parent":0,"menu_order":0,"comment_status":"closed","ping_status":"closed","template":"page-templates\/page-static.php","meta":{"footnotes":""},"class_list":["post-1976","page","type-page","status-publish","hentry"],"_links":{"self":[{"href":"https:\/\/direkt36.exot.hu\/en\/wp-json\/wp\/v2\/pages\/1976","targetHints":{"allow":["GET"]}}],"collection":[{"href":"https:\/\/direkt36.exot.hu\/en\/wp-json\/wp\/v2\/pages"}],"about":[{"href":"https:\/\/direkt36.exot.hu\/en\/wp-json\/wp\/v2\/types\/page"}],"author":[{"embeddable":true,"href":"https:\/\/direkt36.exot.hu\/en\/wp-json\/wp\/v2\/users\/1"}],"replies":[{"embeddable":true,"href":"https:\/\/direkt36.exot.hu\/en\/wp-json\/wp\/v2\/comments?post=1976"}],"version-history":[{"count":21,"href":"https:\/\/direkt36.exot.hu\/en\/wp-json\/wp\/v2\/pages\/1976\/revisions"}],"predecessor-version":[{"id":9936,"href":"https:\/\/direkt36.exot.hu\/en\/wp-json\/wp\/v2\/pages\/1976\/revisions\/9936"}],"wp:attachment":[{"href":"https:\/\/direkt36.exot.hu\/en\/wp-json\/wp\/v2\/media?parent=1976"}],"curies":[{"name":"wp","href":"https:\/\/api.w.org\/{rel}","templated":true}]}}