{"id":2201,"date":"2016-06-03T14:08:35","date_gmt":"2016-06-03T12:08:35","guid":{"rendered":"https:\/\/www.direkt36.hu\/?page_id=2201"},"modified":"2016-06-03T14:08:35","modified_gmt":"2016-06-03T12:08:35","slug":"helyreigazitasok","status":"publish","type":"page","link":"https:\/\/direkt36.exot.hu\/en\/helyreigazitasok\/","title":{"rendered":"Pontos\u00edt\u00e1sok \u00e9s helyreigaz\u00edt\u00e1sok"},"content":{"rendered":"<p><em>To contact us with corrections, email us at <a href=\"mailto:info@direkt36.hu\">info@direkt36.hu<\/a>.<\/em><\/p>\n<p class=\"p1\">In the article\u00a0<strong><a href=\"https:\/\/www.direkt36.hu\/en\/longform\/a-rejtelyes-nemet-aki-orban-orosz-manovereit-egyengeti\/\" target=\"_blank\" rel=\"noopener\">The Mysterious German Behind Viktor Orban\u2019s Russian Deals<\/a><\/strong>, published on <strong>2017 October 17<\/strong>, we wrote that \u201cAccording to German company records, [Mangold\u2019s company\u2019s] clients included the subsidiaries of such huge corporations as the Dutch Shell, the German Bosch, and the Russian Gazprom.\u201d In fact, Bosch appears in the list as a company hired by Mangold, not the other way around. We removed the reference to Bosch from the article. We apologise for this editing error.<\/p>\n<p class=\"p1\">***<\/p>\n<p>In our article <strong><a href=\"\/\/www.direkt36.hu\/en\/2017\/04\/12\/ujabb-jeremie-aktak-hernadi-szexpartner-keresos-uzleten-kiakadt-az-eu-tomborek-befekteteset-vizsgalja-a-nav\/\" target=\"_blank\" rel=\"noopener\">Internal document shows that EU criticized public venture capital projects ran by influential Hungarian businessmen<\/a><\/strong>, published on <strong>April 12, 2017<\/strong>, we have mistakenly written that Istv\u00e1n T\u00f6r\u00f6cskei also won in a tender mentioned in our investigation. The truth is that it was the colleagues of T\u00f6r\u00f6cskei who won, T\u00f6r\u00f6cskei appeared in the winning company only later. This does not affect the main findings of the article, however, we apologize for the mistake.<\/p>\n<p>***<\/p>\n<p>In our article <strong><a href=\"\/\/www.direkt36.hu\/en\/2016\/05\/10\/nyomoznak-a-direkt36-altal-feltart-gyanus-mtva-szerzodes-ugyeben\/\">Police investigate suspicious state contract exposed by Direkt36<\/a><\/strong>, published on <strong>May 10, 2016<\/strong>, we have mistakenly written that the police is already investigating in the matter, however, they were only collecting supplements for the original complaints. We apologise for the inaccuracy.<\/p>","protected":false},"excerpt":{"rendered":"<p>To contact us with corrections, email us at info@direkt36.hu. In the article\u00a0The Mysterious German Behind Viktor Orban\u2019s Russian Deals, published on 2017 October 17, we wrote that \u201cAccording to German company records, [Mangold\u2019s company\u2019s] clients included the subsidiaries of such huge corporations as the Dutch Shell, the German Bosch, and the Russian Gazprom.\u201d In fact, [&hellip;]<\/p>\n","protected":false},"author":3,"featured_media":0,"parent":0,"menu_order":0,"comment_status":"closed","ping_status":"closed","template":"","meta":{"footnotes":""},"class_list":["post-2201","page","type-page","status-publish","hentry"],"_links":{"self":[{"href":"https:\/\/direkt36.exot.hu\/en\/wp-json\/wp\/v2\/pages\/2201","targetHints":{"allow":["GET"]}}],"collection":[{"href":"https:\/\/direkt36.exot.hu\/en\/wp-json\/wp\/v2\/pages"}],"about":[{"href":"https:\/\/direkt36.exot.hu\/en\/wp-json\/wp\/v2\/types\/page"}],"author":[{"embeddable":true,"href":"https:\/\/direkt36.exot.hu\/en\/wp-json\/wp\/v2\/users\/3"}],"replies":[{"embeddable":true,"href":"https:\/\/direkt36.exot.hu\/en\/wp-json\/wp\/v2\/comments?post=2201"}],"version-history":[{"count":0,"href":"https:\/\/direkt36.exot.hu\/en\/wp-json\/wp\/v2\/pages\/2201\/revisions"}],"wp:attachment":[{"href":"https:\/\/direkt36.exot.hu\/en\/wp-json\/wp\/v2\/media?parent=2201"}],"curies":[{"name":"wp","href":"https:\/\/api.w.org\/{rel}","templated":true}]}}