{"id":4512,"date":"2018-04-14T13:01:10","date_gmt":"2018-04-14T11:01:10","guid":{"rendered":"https:\/\/www.direkt36.hu\/?page_id=4512"},"modified":"2018-04-14T13:01:10","modified_gmt":"2018-04-14T11:01:10","slug":"1szazalek","status":"publish","type":"page","link":"https:\/\/direkt36.exot.hu\/en\/1szazalek\/","title":{"rendered":"1% \u2013 T\u00e1mogasd a f\u00fcggetlen \u00fajs\u00e1g\u00edr\u00e1st!"},"content":{"rendered":"<p class=\"qtranxs-available-languages-message qtranxs-available-languages-message-en\">Sorry, this entry is only available in <a href=\"https:\/\/direkt36.exot.hu\/hu\/wp-json\/wp\/v2\/pages\/4512\" class=\"qtranxs-available-language-link qtranxs-available-language-link-hu\" title=\"Magyar\">Magyar<\/a>.<\/p><p><\/p>\n<h2 class=\"kozcim\">Mi ez?<\/h2>\n<p>Id\u00e9n is <span style=\"color: #000000;\">k\u00f6z\u00f6sen<\/span> fogadja a szem\u00e9lyi j\u00f6vedelemad\u00f3 1%-\u00e1t a <strong><a href=\"https:\/\/www.direkt36.hu\/\">Direkt36<\/a><\/strong>\u00a0\u00e9s a <a href=\"http:\/\/www.cij.hu\/hu\/\"><strong>F\u00fcggetlen M\u00e9diak\u00f6zpont<\/strong><\/a>ot m\u0171k\u00f6dtet\u0151 F\u00fcggetlen \u00dajs\u00e1g\u00edr\u00f3k Alap\u00edtv\u00e1nya.<\/p>\n<h2 class=\"kozcim\">Hogyan tudod felaj\u00e1nlani nek\u00fcnk az 1%-ot?<\/h2>\n<p>Ha gyakorlott 1%-oz\u00f3 vagy, szja-bevall\u00e1sod megfelel\u0151 lapj\u00e1n - ak\u00e1r a NAV tervezet\u00e9t haszn\u00e1lod, ak\u00e1r magad k\u00e9sz\u00edted el - a szok\u00e1sos m\u00f3don v\u00e1laszd ki ezt a szervezetet \u00e9s ad\u00f3sz\u00e1mot:<\/p>\n<div class=\"felhivas\"><span style=\"color: #d42222;\">F\u00fcggetlen \u00dajs\u00e1g\u00edr\u00f3k Alap\u00edtv\u00e1nya - 18075450-1-42<\/span><\/div>\n<p>Ha m\u00e9g nem tudod, hogyan kell csin\u00e1lni, akkor <a href=\"#igymukodik\">kattints ide<\/a>, seg\u00edt\u00fcnk!<\/p>\n<h2><\/h2>\n<h2 class=\"kozcim\">Mi\u00e9rt nek\u00fcnk add az 1%-ot?<\/h2>\n<p>A politikusok, c\u00e9gvezet\u0151k \u00e9s m\u00e1s befoly\u00e1sos emberek minden orsz\u00e1gban, \u00edgy Magyarorsz\u00e1gon is \u00f3ri\u00e1si anyagi er\u0151forr\u00e1sok f\u00f6l\u00f6tt rendelkeznek, \u00e9s a mindennapi \u00e9let\u00fcnket alapvet\u0151en meghat\u00e1roz\u00f3 d\u00f6nt\u00e9seket hoznak. Az \u00fajs\u00e1g\u00edr\u00f3k feladata, hogy ezeket a d\u00f6nt\u00e9seket mindannyiunk \u00e9rdek\u00e9ben szemmel tarts\u00e1k, \u00e9s sz\u00f3v\u00e1 tegy\u00e9k, ha azt l\u00e1tj\u00e1k, hogy valami nincs rendben.<\/p>\n<p>Ez sosem volt k\u00f6nny\u0171 munka, de az elm\u00falt \u00e9vekben m\u00e9g nehezebb\u00e9 v\u00e1lt. Az \u00fajs\u00e1g\u00edr\u00f3knak m\u00e1r nem csak egym\u00e1ssal kell versenyezni\u00fck a k\u00f6z\u00f6ns\u00e9g figyelm\u00e9\u00e9rt, hanem a t\u00f6megek befoly\u00e1sol\u00e1s\u00e1ra l\u00e9trej\u00f6tt propagandag\u00e9pezetekkel, \u00e1lh\u00edrgy\u00e1rakkal \u00e9s a titkol\u00f3dz\u00f3, sz\u00e1nd\u00e9kosan \u00e1tl\u00e1thatatlanul m\u0171k\u00f6d\u0151 \u00e1llami szervekkel, hat\u00f3s\u00e1gokkal is fel kell venni\u00fck a k\u00fczdelmet. A Direkt36 az\u00e9rt j\u00f6tt l\u00e9tre, munkat\u00e1rsai az\u00e9rt dolgoznak minden nap, hogy ilyen k\u00f6r\u00fclm\u00e9nyek k\u00f6z\u00f6tt is kider\u00fclj\u00f6n, mi folyik Magyarorsz\u00e1gon, mi t\u00f6rt\u00e9nik Magyarorsz\u00e1ggal.<\/p>\n<p>Ebben seg\u00edthetsz, ha nek\u00fcnk aj\u00e1nlod fel az ad\u00f3d 1%-\u00e1t.<\/p>\n<h2 class=\"kozcim\">Mire k\u00f6ltj\u00fck a p\u00e9nzt?<\/h2>\n<p>A Direkt36 az oknyomoz\u00f3 munk\u00e1t finansz\u00edrozza bel\u0151le, a F\u00fcggetlen M\u00e9diak\u00f6zpont pedig olyan esem\u00e9nyeket rendez, amelyek seg\u00edtik a hazai \u00fajs\u00e1g\u00edr\u00e1s sz\u00ednvonal\u00e1nak jav\u00edt\u00e1s\u00e1t. Az 1%-os felaj\u00e1nl\u00e1sok felhaszn\u00e1l\u00e1s\u00e1r\u00f3l besz\u00e1molunk az oldalainkon, a Direkt36 \u00e9s a F\u00fcggetlen M\u00e9diak\u00f6zpont p\u00e9nz\u00fcgyei, m\u0171k\u00f6d\u00e9se 100%-ban \u00e1tl\u00e1that\u00f3.<\/p>\n<h2 class=\"kozcim\">Mi az a Direkt36 \u00e9s a F\u00fcggetlen M\u00e9diak\u00f6zpont?<\/h2>\n<p>A Direkt36 nonprofit oknyomoz\u00f3 \u00fajs\u00e1g\u00edr\u00f3 m\u0171hely, amely alapos, kiegyens\u00falyozott cikkekben sz\u00e1mol be mindny\u00e1junkat megk\u00e1ros\u00edt\u00f3 vissza\u00e9l\u00e9sekr\u0151l. A F\u00fcggetlen M\u00e9diak\u00f6zpont k\u00e9t \u00e9vtizede szervez tanfolyamokat, konferenci\u00e1kat, amelyeken az \u00fajs\u00e1g\u00edr\u00e1s legfrissebb m\u00f3dszereivel ismerkedhetnek meg a r\u00e9sztvev\u0151k.\u00a0A k\u00e9t szervezetet \u00f6sszek\u00f6ti az a meggy\u0151z\u0151d\u00e9s, hogy l\u00e9tezik b\u00e1tor, p\u00e1rtatlan \u00e9s kiz\u00e1r\u00f3lag a k\u00f6z \u00e9rdek\u00e9t szolg\u00e1l\u00f3 \u00fajs\u00e1g\u00edr\u00e1s, \u00e9s ennek fontos szerepe van a hatalmon l\u00e9v\u0151k \u00e9s sz\u00f6vets\u00e9geseik ellen\u0151rz\u00e9s\u00e9ben. (Ha kiv\u00e1ncsi vagy legfrissebb nyomoz\u00e1sainkra, <a href=\"https:\/\/www.direkt36.hu\/\">kattints ide!<\/a>)<\/p>\n<h2 id=\"igymukodik\" class=\"kozcim\">\u00cdgy m\u0171k\u00f6dik az 1% felaj\u00e1nl\u00e1sa\u00a0l\u00e9p\u00e9sr\u0151l l\u00e9p\u00e9sre<\/h2>\n<ul>\n<li>Ha <strong>pap\u00edron k\u00e9sz\u00fcl<\/strong> az szja-bevall\u00e1sod, akkor ezeket az adatokat kell megadnod az szja-bevall\u00e1s megfelel\u0151 oldal\u00e1n:\n<div class=\"felhivas\"><span style=\"color: #d42222;\">F\u00fcggetlen \u00dajs\u00e1g\u00edr\u00f3k Alap\u00edtv\u00e1nya - 18075450-1-42<\/span><\/div>\n<\/li>\n<\/ul>\n<p>A rendelkez\u0151 nyilatkozatot (\u00fagyan\u00fagy, mint mag\u00e1t az ad\u00f3bevall\u00e1st) kit\u00f6ltheted regisztr\u00e1ci\u00f3 n\u00e9lk\u00fcl is a NAV oldal\u00e1n: <a href=\"https:\/\/webnyk.nav.gov.hu\/\">https:\/\/webnyk.nav.gov.hu\/<\/a><\/p>\n<p>Az \u00edgy elk\u00e9sz\u00edtett nyilatkozatot azt\u00e1n ki kell nyomtatni, \u00e9s al\u00e1\u00edrva kell lez\u00e1rt postai bor\u00edt\u00e9kban szem\u00e9lyesen beny\u00fajtani vagy post\u00e1n feladni a NAV-nak 2022. m\u00e1jus 20-\u00e1ig.<\/p>\n<ul>\n<li>Ha van \u00dcgyf\u00e9lkapu-regisztr\u00e1ci\u00f3d \u00e9s <strong>online<\/strong> szeretn\u00e9d felaj\u00e1nlani az ad\u00f3d 1%-\u00e1t a Direkt36-nak \u00e9s a F\u00fcggetlen M\u00e9diak\u00f6zpontnak, ezeket a l\u00e9p\u00e9seket kell k\u00f6vetned:<\/li>\n<\/ul>\n<ol>\n<li>Keresd fel a <strong>NAV weboldal\u00e1t<\/strong>:\u00a0<a href=\"https:\/\/eszja.nav.gov.hu\/\">https:\/\/eszja.nav.gov.hu\/<\/a><\/li>\n<li>Kattints a <strong>Bel\u00e9p\u00e9s<\/strong> gombra.<img loading=\"lazy\" decoding=\"async\" class=\"wp-image-6046 aligncenter\" src=\"http:\/\/direkt36.exot.hu\/wp-content\/uploads\/2020\/03\/Picture-1.png\" alt=\"\" width=\"500\" height=\"462\" \/><\/li>\n<li><strong>Jelentkezz be<\/strong> az \u00dcgyf\u00e9lkapuba.<br \/>\nEhhez sz\u00fcks\u00e9ged lesz felhaszn\u00e1l\u00f3n\u00e9vre \u00e9s jelsz\u00f3ra. (Ha nincs \u00dcgyf\u00e9lkapu-hozz\u00e1f\u00e9r\u00e9sed, akkor b\u00e1rmelyik Korm\u00e1nyablakban ig\u00e9nyelhetsz szem\u00e9lyesen. Ez sokf\u00e9le m\u00e1s \u00fcgyint\u00e9z\u00e9shez is hasznos lehet. Ha nem szeretn\u00e9l hozz\u00e1f\u00e9r\u00e9st, akkor marad a pap\u00edralap\u00fa bevall\u00e1s.)<img loading=\"lazy\" decoding=\"async\" class=\"wp-image-6047 aligncenter\" src=\"http:\/\/direkt36.exot.hu\/wp-content\/uploads\/2020\/03\/Picture-1-1.png\" alt=\"\" width=\"681\" height=\"410\" srcset=\"https:\/\/direkt36.exot.hu\/wp-content\/uploads\/2020\/03\/Picture-1-1.png 943w, https:\/\/direkt36.exot.hu\/wp-content\/uploads\/2020\/03\/Picture-1-1-800x482.png 800w, https:\/\/direkt36.exot.hu\/wp-content\/uploads\/2020\/03\/Picture-1-1-768x463.png 768w\" sizes=\"auto, (max-width: 681px) 100vw, 681px\" \/><\/li>\n<li>Ha bel\u00e9pt\u00e9l, kattints az \u201e<strong>1+1%-os nyilatkozatom folytat\u00e1sa<\/strong>\u201d gombra, \u00e9s <strong>t\u00f6ltsd ki<\/strong> a megjelen\u0151 \u0171rlapot.<img loading=\"lazy\" decoding=\"async\" class=\"wp-image-6048 aligncenter\" src=\"http:\/\/direkt36.exot.hu\/wp-content\/uploads\/2020\/03\/Picture-1-2.png\" alt=\"\" width=\"677\" height=\"358\" srcset=\"https:\/\/direkt36.exot.hu\/wp-content\/uploads\/2020\/03\/Picture-1-2.png 943w, https:\/\/direkt36.exot.hu\/wp-content\/uploads\/2020\/03\/Picture-1-2-800x423.png 800w, https:\/\/direkt36.exot.hu\/wp-content\/uploads\/2020\/03\/Picture-1-2-768x406.png 768w\" sizes=\"auto, (max-width: 677px) 100vw, 677px\" \/><br \/>\nFigyelj arra, hogy a nevedet \u00e9s a lakc\u00edmedet csak akkor kell megadnod, ha szeretn\u00e9d, hogy azokat a t\u00e1mogatott szervezet is l\u00e1ssa. Ez esetben ki kell pip\u00e1lnod az ad\u00f3z\u00f3 neve mez\u0151 feletti hozz\u00e1j\u00e1rul\u00e1si nyilatkozatot. (Ha nem szeretn\u00e9d megadni ezeket az adatokat, egyszer\u0171en hagyd \u00fcresen ezeket a mez\u0151ket.)<img loading=\"lazy\" decoding=\"async\" class=\"wp-image-6049 aligncenter\" src=\"http:\/\/direkt36.exot.hu\/wp-content\/uploads\/2020\/03\/Picture-1-3.png\" alt=\"\" width=\"808\" height=\"321\" srcset=\"https:\/\/direkt36.exot.hu\/wp-content\/uploads\/2020\/03\/Picture-1-3.png 943w, https:\/\/direkt36.exot.hu\/wp-content\/uploads\/2020\/03\/Picture-1-3-800x318.png 800w, https:\/\/direkt36.exot.hu\/wp-content\/uploads\/2020\/03\/Picture-1-3-768x305.png 768w\" sizes=\"auto, (max-width: 808px) 100vw, 808px\" \/><\/li>\n<li><strong>V\u00e1laszd ki a t\u00e1mogatott szervezetet.<br \/>\n<\/strong>Ehhez tudnod kell a szervezet nev\u00e9t \u00e9s\/vagy ad\u00f3sz\u00e1m\u00e1t \u2013 ezek alapj\u00e1n tudsz a szervezetekre r\u00e1keresni. A mi eset\u00fcnkben ez:<\/p>\n<div class=\"felhivas\"><span style=\"color: #d42222;\">F\u00fcggetlen \u00dajs\u00e1g\u00edr\u00f3k Alap\u00edtv\u00e1nya - 18075450-1-42<\/span><\/div>\n<p>Egyszer\u0171en \u00edrd be ezt az ad\u00f3sz\u00e1mot vagy a nevet a megfelel\u0151 mez\u0151be, \u00e9s a rendszer kikeresi neked a szervezetet.<\/p>\n<p><img loading=\"lazy\" decoding=\"async\" class=\"wp-image-6050 aligncenter\" src=\"http:\/\/direkt36.exot.hu\/wp-content\/uploads\/2020\/03\/Picture-1-4.png\" alt=\"\" width=\"859\" height=\"466\" srcset=\"https:\/\/direkt36.exot.hu\/wp-content\/uploads\/2020\/03\/Picture-1-4.png 943w, https:\/\/direkt36.exot.hu\/wp-content\/uploads\/2020\/03\/Picture-1-4-800x434.png 800w, https:\/\/direkt36.exot.hu\/wp-content\/uploads\/2020\/03\/Picture-1-4-768x417.png 768w\" sizes=\"auto, (max-width: 859px) 100vw, 859px\" \/><\/li>\n<li><strong>Mentsd el \u00e9s add le a nyilatkozatot!<\/strong><br \/>\nHa mindent kit\u00f6lt\u00f6tt\u00e9l, kattints az oldal alj\u00e1n a Ment\u00e9s gombra. Ha hiba\u00fczenettel tal\u00e1lkozol, akkor valamilyen adat hi\u00e1nyzik vagy nem megfelel\u0151en adtad meg. Az oldal tetej\u00e9re g\u00f6rgetve ellen\u0151rizheted, hogy mi volt a hiba. Ha siker\u00fclt a ment\u00e9s, m\u00e1r csak annyi a dolgod, hogy a <strong>Bead\u00e1s<\/strong> gombra kattintasz.<img loading=\"lazy\" decoding=\"async\" class=\"wp-image-6051 aligncenter\" src=\"http:\/\/direkt36.exot.hu\/wp-content\/uploads\/2020\/03\/Picture-1-5.png\" alt=\"\" width=\"834\" height=\"366\" srcset=\"https:\/\/direkt36.exot.hu\/wp-content\/uploads\/2020\/03\/Picture-1-5.png 943w, https:\/\/direkt36.exot.hu\/wp-content\/uploads\/2020\/03\/Picture-1-5-800x351.png 800w, https:\/\/direkt36.exot.hu\/wp-content\/uploads\/2020\/03\/Picture-1-5-768x337.png 768w\" sizes=\"auto, (max-width: 834px) 100vw, 834px\" \/><br \/>\nHa minden rendben volt, akkor ez jelenik majd meg a k\u00e9perny\u0151d\u00f6n:<img loading=\"lazy\" decoding=\"async\" class=\"wp-image-6052 aligncenter\" src=\"http:\/\/direkt36.exot.hu\/wp-content\/uploads\/2020\/03\/Picture-1-6.png\" alt=\"\" width=\"833\" height=\"371\" srcset=\"https:\/\/direkt36.exot.hu\/wp-content\/uploads\/2020\/03\/Picture-1-6.png 943w, https:\/\/direkt36.exot.hu\/wp-content\/uploads\/2020\/03\/Picture-1-6-800x356.png 800w, https:\/\/direkt36.exot.hu\/wp-content\/uploads\/2020\/03\/Picture-1-6-768x342.png 768w\" sizes=\"auto, (max-width: 833px) 100vw, 833px\" \/><\/li>\n<\/ol>\n<p>Nagyon k\u00f6sz\u00f6nj\u00fck, ha a t\u00e1mogat\u00e1sunk mellett d\u00f6nt\u00f6tt\u00e9l, \u00e9s ennek megfelel\u0151en rendelkezt\u00e9l az 1%-odr\u00f3l!<\/p>\n<p>Ha b\u00e1rmilyen k\u00e9rd\u00e9sed van, \u00edrj nek\u00fcnk a <a href=\"mailto:tamogatas@direkt36.hu\">tamogatas@direkt36.hu<\/a> a c\u00edmre.<\/p>\n<h2 class=\"kozcim\" style=\"text-align: center;\">Adj es\u00e9lyt az igazs\u00e1gnak, t\u00e1mogasd a szabad \u00fajs\u00e1g\u00edr\u00e1st!<\/h2>\n<p><a href=\"http:\/\/direkt36.exot.hu\/wp-content\/uploads\/2018\/04\/fmk.png\"><img loading=\"lazy\" decoding=\"async\" class=\"size-full wp-image-4515 aligncenter\" src=\"http:\/\/direkt36.exot.hu\/wp-content\/uploads\/2018\/04\/fmk.png\" alt=\"\" width=\"760\" height=\"96\" \/><\/a><\/p>","protected":false},"excerpt":{"rendered":"<p>Sorry, this entry is only available in Magyar. Mi ez? Id\u00e9n is k\u00f6z\u00f6sen fogadja a szem\u00e9lyi j\u00f6vedelemad\u00f3 1%-\u00e1t a Direkt36\u00a0\u00e9s a F\u00fcggetlen M\u00e9diak\u00f6zpontot m\u0171k\u00f6dtet\u0151 F\u00fcggetlen \u00dajs\u00e1g\u00edr\u00f3k Alap\u00edtv\u00e1nya. Hogyan tudod felaj\u00e1nlani nek\u00fcnk az 1%-ot? Ha gyakorlott 1%-oz\u00f3 vagy, szja-bevall\u00e1sod megfelel\u0151 lapj\u00e1n - ak\u00e1r a NAV tervezet\u00e9t haszn\u00e1lod, ak\u00e1r magad k\u00e9sz\u00edted el - a szok\u00e1sos m\u00f3don v\u00e1laszd [&hellip;]<\/p>\n","protected":false},"author":1,"featured_media":0,"parent":0,"menu_order":0,"comment_status":"closed","ping_status":"closed","template":"","meta":{"footnotes":""},"class_list":["post-4512","page","type-page","status-publish","hentry"],"_links":{"self":[{"href":"https:\/\/direkt36.exot.hu\/en\/wp-json\/wp\/v2\/pages\/4512","targetHints":{"allow":["GET"]}}],"collection":[{"href":"https:\/\/direkt36.exot.hu\/en\/wp-json\/wp\/v2\/pages"}],"about":[{"href":"https:\/\/direkt36.exot.hu\/en\/wp-json\/wp\/v2\/types\/page"}],"author":[{"embeddable":true,"href":"https:\/\/direkt36.exot.hu\/en\/wp-json\/wp\/v2\/users\/1"}],"replies":[{"embeddable":true,"href":"https:\/\/direkt36.exot.hu\/en\/wp-json\/wp\/v2\/comments?post=4512"}],"version-history":[{"count":0,"href":"https:\/\/direkt36.exot.hu\/en\/wp-json\/wp\/v2\/pages\/4512\/revisions"}],"wp:attachment":[{"href":"https:\/\/direkt36.exot.hu\/en\/wp-json\/wp\/v2\/media?parent=4512"}],"curies":[{"name":"wp","href":"https:\/\/api.w.org\/{rel}","templated":true}]}}