{"id":9863,"date":"2023-09-01T14:33:39","date_gmt":"2023-09-01T12:33:39","guid":{"rendered":"https:\/\/direkt36.exot.hu\/?page_id=9863"},"modified":"2023-09-18T13:02:32","modified_gmt":"2023-09-18T11:02:32","slug":"tamogass-minket-stripe","status":"publish","type":"page","link":"https:\/\/direkt36.exot.hu\/en\/tamogass-minket-stripe\/","title":{"rendered":"Support Us"},"content":{"rendered":"\r\n<h1 style=\"text-align:center; font-size: 2.2em; max-width: 700px; margin:2em auto; line-height: 1.2em; text-transform:uppercase; color:#db514d;\">Support Us!<\/h1>\r\n<div class=\"accordion-bral\">\r\n\r\n\t  <div class=\"acc1\">\r\n\t    <!-- accordion item 1 -- start -->\r\n\t    <input class=\"ac-input\" id=\"ac-1\" name=\"accordion-1\" type=\"checkbox\"\/>\r\n\t    <label class=\"ac-label\" for=\"ac-1\">\r\n\t\t\t\t<section>\r\n\t\t\t\t<div>Insider<\/div>\r\n\t\t\t\t<div><span>\uf021<\/span> Yearly 180\u20ac<\/div>\r\n\t\t\t\t<div><span>\uf021<\/span> Monthly 15\u20ac<\/div>\r\n\t\t\t<\/section>\r\n\t\t\t <section>\r\n\t\t\t\t Besides everything that our other supporters get, we\u2019ll invite you to our closed online and in-person events where you can meet our professional partners from other countries - many of them the international stars of investigative journalism. \r\n\t\t\t<\/section>\r\n\t\t\t<i><\/i><\/label>\r\n\r\n\t    <div class=\"article ac-content\">\r\n\t\t\t\t<section>\r\n\t\t\t\tInformation:<br>\r\n<ul>\r\n<li>Your support is used exclusively for our operations, and we account for it every year.<\/li>\r\n<li>Membership is valid for one year in case of annual payments, and for one month in case of monthly payments.<\/li>\r\n<li>Donations provided to Direkt36 do not legally qualify as a supply of goods or services. Therefore, we cannot issue invoices but we can provide you with a certificate.<\/li>\r\n<li>We take great care of your personal data and keep it only as long as it is required by law. You can read our <a href=\"https:\/\/www.direkt36.hu\/en\/adatkezelesi-tajekoztato\/\" target=\"_blank\" rel=\"noopener\">Privacy Policy here.<\/a><\/li>\r\n<\/ul>\r\nBy clicking on any of the buttons below you accept our Terms and Conditions. (If you choose PayPal or credit card, we will redirect you to the payment provider's website.)\r\nIf you have any questions, please write to a href=\"mailto:tamogatas@direkt36.hu\" rel=\"noopener\" target=\"_blank\">tamogatas@direkt36.hu<\/a>!\r\n\t\t\t\t<div class=\"acc-spacer\"><\/div>\r\n\t\t\t<\/section>\r\n\r\n\t      <section>\r\n\t\t\t\t\t<a class=\"acc-pay\" href=\"https:\/\/buy.stripe.com\/test_dR629Ye4z6I4czCbIX\" target=\"_blank\" rel=\"noopener\">\r\n\t\t\t\t\t<div class=\"funding-alone-icons\">\uf283 \uf1f4<\/div>\r\n\t\t\t\t\tPaypal or credit card\r\n\t\t\t\t\t<h4><span>\uf021<\/span> Yearly 180\u20ac<\/h4>\r\n\t\t\t\t\t<\/a>\r\n\r\n\t\t\t\t\t<a class=\"acc-pay\" href=\"https:\/\/buy.stripe.com\/test_eVa01QaSneaw4366oE\" target=\"_blank\" rel=\"noopener\">\r\n\t\t\t\t\t<div class=\"funding-alone-icons\">\uf283 \uf1f4<\/div>\r\n\t\t\t\t\tPaypal or credit card\r\n\t\t\t\t\t<h4><span>\uf021<\/span> Monthly 15\u20ac<\/h4>\r\n\t\t\t\t\t<\/a>\r\n\r\n<div class=\"support-bank-container\">\r\n<hr style=\"margin:0;\">\r\n\r\n<div class=\"funding-alone-icons\">\uf19c<\/div>\r\n<a href=\"\/banki-atutalas\/\" target=\"_blank\" rel=\"noopener\">Bank transfer<\/a>\r\n\r\n<hr style=\"margin:3em 0;\">\r\n\r\n<\/div>\r\n\r\n\t\t\t\t<\/section>\r\n\t    <\/div>\r\n\t  <\/div>\r\n\t  <!-- accordion item 1 -- end -->\r\n\r\n\t  <div class=\"acc2\">\r\n\t    <!-- accordion item 2 -- start -->\r\n\t    <input class=\"ac-input\" id=\"ac-2\" name=\"accordion-1\" type=\"checkbox\" \/>\r\n\t    <label class=\"ac-label\" for=\"ac-2\">\r\n\t\t\t\t<section>\r\n\t\t\t\t<div>Ally<\/div>\r\n\t\t\t\t<div><span>\uf021<\/span> Yearly 120\u20ac<\/div>\r\n\t\t\t\t<div><span>\uf021<\/span> Monthly 10\u20ac<\/div>\r\n\t\t\t\t<\/section>\r\n\t\t\t\t<section>\r\n\t\t\t\t If you need help to research companies or public records (especially if they are Hungary-related), we\u2019ll share our tips with you. You will also be welcome at our events and will get our e-books and newsletters.\r\n\t\t\t\t<\/section>\r\n\t\t\t\t<i><\/i><\/label>\r\n\t    <div class=\"article ac-content\">\r\n\t\t\t\t<section>\r\n\t\t\t\tInformation:<br>\r\n<ul>\r\n<li>Your support is used exclusively for our operations, and we account for it every year.<\/li>\r\n<li>Membership is valid for one year in case of annual payments, and for one month in case of monthly payments.<\/li>\r\n<li>Donations provided to Direkt36 do not legally qualify as a supply of goods or services. Therefore, we cannot issue invoices but we can provide you with a certificate.<\/li>\r\n<li>We take great care of your personal data and keep it only as long as it is required by law. You can read our <a href=\"https:\/\/www.direkt36.hu\/en\/adatkezelesi-tajekoztato\/\" target=\"_blank\" rel=\"noopener\">Privacy Policy here.<\/a><\/li>\r\n<\/ul>\r\nBy clicking on any of the buttons below you accept our Terms and Conditions. (If you choose PayPal or credit card, we will redirect you to the payment provider's website.)\r\nIf you have any questions, please write to a href=\"mailto:tamogatas@direkt36.hu\" rel=\"noopener\" target=\"_blank\">tamogatas@direkt36.hu<\/a>!\r\n\t\t\t\t<div class=\"acc-spacer\"><\/div>\r\n\t\t\t<\/section>\r\n\r\n\t      <section>\r\n\t\t\t\t\t<a class=\"acc-pay\" href=\"https:\/\/buy.stripe.com\/test_14k5ma1hN2rO9nq14g\" target=\"_blank\" rel=\"noopener\">\r\n\t\t\t\t\t<div class=\"funding-alone-icons\">\uf283<\/div>\r\n\t\t\t\t\tPaypal or credit card\r\n\t\t\t\t\t<h4><span>\uf021<\/span> Yearly 120\u20ac<\/h4>\r\n\t\t\t\t\t<\/a>\r\n\r\n\t\t\t\t\t<a class=\"acc-pay\" href=\"https:\/\/buy.stripe.com\/test_5kAdSG0dJ6I42Z214f\" target=\"_blank\" rel=\"noopener\">\r\n\t\t\t\t\t<div class=\"funding-alone-icons\">\uf283<\/div>\r\n\t\t\t\t\tPaypal or credit card\r\n\t\t\t\t\t<h4><span>\uf021<\/span> Monthly 10\u20ac<\/h4>\r\n\t\t\t\t\t<\/a>\r\n\r\n<div class=\"support-bank-container\">\r\n<hr style=\"margin:0;\">\r\n\r\n<div class=\"funding-alone-icons\">\uf19c<\/div>\r\n<a href=\"\/banki-atutalas\/\" target=\"_blank\" rel=\"noopener\">Bank transfer<\/a>\r\n\r\n<hr style=\"margin:3em 0;\">\r\n\r\n<\/div>\r\n\r\n\t\t\t\t<\/section>\r\n\t    <\/div>\r\n\t  <\/div>\r\n\t  <!-- accordion item 2 -- end -->\r\n\r\n\t  <div class=\"acc3\">\r\n\t    <!-- accordion item 3 -- start -->\r\n\t    <input class=\"ac-input\" id=\"ac-3\" name=\"accordion-1\" type=\"checkbox\" \/>\r\n\t    <label class=\"ac-label\" for=\"ac-3\">\r\n\t\t\t\t<section>\r\n\t\t\t\t<div>Partner<\/div>\r\n\t\t\t\t<div><span>\uf021<\/span> Yearly 60\u20ac<\/div>\r\n<div><span>\uf021<\/span> Monthly 5\u20ac<\/div>\r\n\t\t\t<\/section>\r\n\t\t\t <section>\r\n\t\t\t\t You will be welcome at our events (or in our office if you ever visit Budapest) and will also receive our e-books and newsletters with the backstories of our investigations.\r\n\t\t\t<\/section>\r\n\t\t\t\t<i><\/i><\/label>\r\n\t    <div class=\"article ac-content\">\r\n\t\t\t\t<section>\r\n\t\t\t\tInformation:<br>\r\n<ul>\r\n<li>Your support is used exclusively for our operations, and we account for it every year.<\/li>\r\n<li>Membership is valid for one year in case of annual payments, and for one month in case of monthly payments.<\/li>\r\n<li>Donations provided to Direkt36 do not legally qualify as a supply of goods or services. Therefore, we cannot issue invoices but we can provide you with a certificate.<\/li>\r\n<li>We take great care of your personal data and keep it only as long as it is required by law. You can read our <a href=\"https:\/\/www.direkt36.hu\/en\/adatkezelesi-tajekoztato\/\" target=\"_blank\" rel=\"noopener\">Privacy Policy here.<\/a><\/li>\r\n<\/ul>\r\nBy clicking on any of the buttons below you accept our Terms and Conditions. (If you choose PayPal or credit card, we will redirect you to the payment provider's website.)\r\nIf you have any questions, please write to a href=\"mailto:tamogatas@direkt36.hu\" rel=\"noopener\" target=\"_blank\">tamogatas@direkt36.hu<\/a>!\r\n\t\t\t\t<div class=\"acc-spacer\"><\/div>\r\n\t\t\t<\/section>\r\n\r\n\t      <section>\r\n\t\t\t\t\t<a class=\"acc-pay\" href=\"https:\/\/buy.stripe.com\/test_9AQ15U8Kf7M8bvy5kx\" target=\"_blank\" rel=\"noopener\">\r\n\t\t\t\t\t<div class=\"funding-alone-icons\">\uf283<\/div>\r\n\t\t\t\t\tPaypal or credit card\r\n\t\t\t\t\t<h4><span>\uf021<\/span> Yearly 60\u20ac<\/h4>\r\n\t\t\t\t\t<\/a>\r\n<a class=\"acc-pay\" href=\"https:\/\/buy.stripe.com\/test_3cs01Q8Kfc2odDG3cq\" target=\"_blank\" rel=\"noopener\">\r\n\t\t\t\t\t<div class=\"funding-alone-icons\">\uf283<\/div>\r\n\t\t\t\t\tPaypal or credit card\r\n\t\t\t\t\t<h4><span>\uf021<\/span> Monthly 5\u20ac<\/h4>\r\n\t\t\t\t\t<\/a>\r\n\r\n<div class=\"support-bank-container\">\r\n<hr style=\"margin:0;\">\r\n\r\n<div class=\"funding-alone-icons\">\uf19c<\/div>\r\n<a href=\"\/banki-atutalas\/\" target=\"_blank\" rel=\"noopener\">Bank transfer<\/a>\r\n\r\n<hr style=\"margin:3em 0;\">\r\n\r\n<\/div>\r\n\t\t\t\t<\/section>\r\n\t    <\/div>\r\n\t  <\/div>\r\n\t  <!-- accordion item 3 -- end -->\r\n\r\n\t  <div class=\"acc4\">\r\n\t    <!-- accordion item 4 -- start -->\r\n\t    <input class=\"ac-input\" id=\"ac-4\" name=\"accordion-1\" type=\"checkbox\" \/>\r\n\t    <label class=\"ac-label\" for=\"ac-4\">\r\n\t\t\t\t<section>\r\n\t\t\t\t<div>Friend<\/div>\r\n\t\t\t\t<div><span>\uf021<\/span> Yearly 20\u20ac<\/div>\r\n\t\t\t<\/section>\r\n\t\t\t <section>\r\n\t\t\t\tYou will get our e-books, in which our reporters tell how they conducted their investigations. You will also receive our exclusive newsletters with our latest stories.\r\n\t\t\t<\/section>\r\n\t\t\t\t<i><\/i><\/label>\r\n\t    <div class=\"article ac-content\">\r\n\t\t\t\t<section>\r\n\t\t\t\tInformation:<br>\r\n<ul>\r\n<li>Your support is used exclusively for our operations, and we account for it every year.<\/li>\r\n<li>Membership is valid for one year in case of annual payments, and for one month in case of monthly payments.<\/li>\r\n<li>Donations provided to Direkt36 do not legally qualify as a supply of goods or services. Therefore, we cannot issue invoices but we can provide you with a certificate.<\/li>\r\n<li>We take great care of your personal data and keep it only as long as it is required by law. You can read our <a href=\"https:\/\/www.direkt36.hu\/en\/adatkezelesi-tajekoztato\/\" target=\"_blank\" rel=\"noopener\">Privacy Policy here.<\/a><\/li>\r\n<\/ul>\r\nBy clicking on any of the buttons below you accept our Terms and Conditions. (If you choose PayPal or credit card, we will redirect you to the payment provider's website.)\r\nIf you have any questions, please write to a href=\"mailto:tamogatas@direkt36.hu\" rel=\"noopener\" target=\"_blank\">tamogatas@direkt36.hu<\/a>!\r\n\t\t\t\t<div class=\"acc-spacer\"><\/div>\r\n\t\t\t<\/section>\r\n\r\n\t      <section>\r\n\t\t\t\t\t<a class=\"acc-pay\" href=\"https:\/\/www.paypal.com\/cgi-bin\/webscr?cmd=_s-xclick&hosted_button_id=HZDAFSXBME2BQ\" target=\"_blank\" rel=\"noopener\">\r\n\t\t\t\t\t<div class=\"funding-alone-icons\">\uf283 \uf1f4<\/div>\r\n\t\t\t\t\tPaypal or credit card\r\n\t\t\t\t\t<h4><span>\uf021<\/span> Yearly 20\u20ac<\/h4>\r\n\t\t\t\t\t<\/a>\r\n<div class=\"support-bank-container\">\r\n<hr style=\"margin:0;\">\r\n\r\n<div class=\"funding-alone-icons\">\uf19c<\/div>\r\n<a href=\"\/banki-atutalas\/\" target=\"_blank\" rel=\"noopener\">Bank transfer<\/a>\r\n\r\n<hr style=\"margin:3em 0;\">\r\n\r\n<\/div>\r\n\t\t\t\t<\/section>\r\n\t    <\/div>\r\n\t  <\/div>\r\n\t  <!-- accordion item 4 -- end -->\r\n\r\n<div class=\"acc4\">\r\n\t    <!-- accordion item 5 -- start -->\r\n\t    <input class=\"ac-input\" id=\"ac-5\" name=\"accordion-1\" type=\"checkbox\" \/>\r\n\t    <label class=\"ac-label\" for=\"ac-5\">\r\n\t\t\t\t<section>\r\n\t\t\t\t<div>Other<br>Amount<\/div>\r\n\t\t\t<\/section>\r\n\t\t\t <section>\r\n\t\t\t\tYou may support us with amounts different from the ones above - either one-time or recurring. In return, you\u2019ll get our exclusive newsletters, and if the amount you send reaches one of the ones above, you\u2019ll get everything that is included in that respective category. \r\n\t\t\t<\/section>\r\n\t\t\t\t<i><\/i><\/label>\r\n\t    <div class=\"article ac-content\">\r\n\t\t\t\t<section>\r\n\t\t\t\tInformation:<br>\r\n<ul>\r\n<li>Your support is used exclusively for our operations, and we account for it every year.<\/li>\r\n<li>Membership is valid for one year in case of annual payments, and for one month in case of monthly payments.<\/li>\r\n<li>Donations provided to Direkt36 do not legally qualify as a supply of goods or services. Therefore, we cannot issue invoices but we can provide you with a certificate.<\/li>\r\n<li>We take great care of your personal data and keep it only as long as it is required by law. You can read our <a href=\"https:\/\/www.direkt36.hu\/en\/adatkezelesi-tajekoztato\/\" target=\"_blank\" rel=\"noopener\">Privacy Policy here.<\/a><\/li>\r\n<\/ul>\r\nBy clicking on any of the buttons below you accept our Terms and Conditions. (If you choose PayPal or credit card, we will redirect you to the payment provider's website.)\r\nIf you have any questions, please write to a href=\"mailto:tamogatas@direkt36.hu\" rel=\"noopener\" target=\"_blank\">tamogatas@direkt36.hu<\/a>!\r\n\t\t\t\t<div class=\"acc-spacer\"><\/div>\r\n\t\t\t<\/section>\r\n\r\n\t      <section>\r\n\t\t\t\t\t<a class=\"acc-pay\" href=\"https:\/\/donate.stripe.com\/test_3cs9Cq1hNeawdDG3ct\" target=\"_blank\" rel=\"noopener\">\r\n\t\t\t\t\t<div class=\"funding-alone-icons\">\uf283<\/div>\r\n\t\t\t\t\tPaypal or credit card\r\n\t\t\t\t\t<\/a>\r\n<div class=\"support-bank-container\">\r\n<hr style=\"margin:0;\">\r\n\r\n<div class=\"funding-alone-icons\">\uf19c<\/div>\r\n<a href=\"\/banki-atutalas\/\" target=\"_blank\" rel=\"noopener\">Bank transfer<\/a>\r\n\r\n<hr style=\"margin:3em 0;\">\r\n\r\n<\/div>\r\n\t\t\t\t<\/section>\r\n\t    <\/div>\r\n\t  <\/div>\r\n\t  <!-- accordion item 5 -- end -->\r\n\r\n\t<\/div>\r\n\r\n\n<div style=\"max-width: 700px; margin: 3em auto 3em auto; border-top:1px solid #ccc;text-align:center;\"> <\/div>\n<p><!-- <iframe loading=\"lazy\" title=\"YouTube video player\" src=\"https:\/\/www.youtube.com\/embed\/SQhgI91iTg0\" width=\"100%\" height=\"500\" frameborder=\"0\" allowfullscreen=\"allowfullscreen\"><\/iframe> --><\/p>\n<div style=\"max-width: 700px; margin: 2em auto 0 auto;\">\n<h3>Who are we?<\/h3>\n<p>\nDirekt36 is a non-profit investigative reporting center that we launched in 2015. We are focusing all our efforts on controlling those in power, uncovering abuses, exposing what is being hidden. It is thanks to the financial support of our readers that we can do this.\n<\/p>\n<p><img loading=\"lazy\" decoding=\"async\" src=\"https:\/\/www.direkt36.hu\/wp-content\/uploads\/2022\/10\/KSZ_247654_D36_Csopi_3-1-2-keparany.jpeg\" alt=\"\" width=\"4000\" height=\"2000\" class=\"aligncenter size-full wp-image-8085\" \/><\/p>\n\r\n<div class=\"accordion-bral\">\r\n\r\n\t  <div class=\"acc6\">\r\n\t    <!-- accordion item 6 -- start -->\r\n\t    <input class=\"ac-input\" id=\"ac-6\" name=\"accordion-1\" type=\"checkbox\"\/>\r\n\t    <label class=\"ac-label\" for=\"ac-6\">\r\n\t\t\t<section class=\"felhivas-cim\">\r\n\t\t\t\t36 reasons to support Direkt36\r\n\t\t\t<\/section>\r\n\t\t\t <section>\r\n<ol>\r\n<li>Without investigative journalism, you wouldn\u2019t know what those in power do.<\/li>\r\n<li>We don\u2019t do quick stories. We do hard-hitting investigations.<\/li>\r\n<li>We exposed how Russia hacked the system of the Ministry of Foreign Affairs.<\/li>\r\n<\/ol>\r\n\t\t\t<\/section>\r\n\t\t\t<i><\/i><\/label>\r\n\r\n\t    <div class=\"article ac-content\">\r\n\t\t\t\t<section>\r\n\r\n\t\t\t<\/section>\r\n      <section>\r\n\t\t\t\t\t<ol start=\"4\">\r\n<li>Our stories have been picked up by international newspapers like The Washington Post and The Guardian.<\/li>\r\n<li>The support of our readers guarantees our independence.<\/li>\r\n<li>We revealed the deal Viktor Orb\u00e1n\u2019s government signed about a Chinese university.<\/li>\r\n<li>Politicians got angry when we found their hidden assets.<\/li>\r\n<li>\u201cYou are a survival kit\u201d (a supporter)<\/li>\r\n<li>We work on stories that are too complex or too risky for other outlets.<\/li>\r\n<li>We revealed hidden details of the special partnership of Orb\u00e1n and Putin.<\/li>\r\n<li>The more secretive the political elite is, the more persistently we ask questions.<\/li>\r\n<li>We combed through containers of documents to uncover the Orb\u00e1n family\u2019s state businesses.<\/li>\r\n<li>We uncovered the Hungarian offshore secrets of the Panama-papers.<\/li>\r\n<li>We\u2019re not making friends with politicians. We hold them accountable.<\/li>\r\n<li>After our expos\u00e9, the foundation of the son of a former prime minister stopped getting state support.<\/li>\r\n<li>We don\u2019t accept support from those who want to influence our work.<\/li>\r\n<li>We pursue the truth and the public interest.<\/li>\r\n<li>We don\u2019t publish anything until we double checked each and every fact.<\/li>\r\n<li>We not only investigate the Orb\u00e1n government, but the opposition too.<\/li>\r\n<li>\u201cWe need you like a piece of bread\u201d (a supporter)<\/li>\r\n<li>Direkt36\u2019s longform stories read like an exciting book.<\/li>\r\n<li>Two of our journalists were surveilled with a cyberweapon. But we keep going!<\/li>\r\n<li>Ferraris and Porsches. We uncover the political elite\u2019s luxury spending.<\/li>\r\n<li>Direkt36 is not a business, it is public service.<\/li>\r\n<li>When a door closes, we climb through the window.<\/li>\r\n<li>We have been partners in the biggest global investigations.<\/li>\r\n<li>We work for months on a single story to nail down all the details.<\/li>\r\n<li>We show how power really works.<\/li>\r\n<li>\u201cYou fill an enormous gap\u201d (a supporter)<\/li>\r\n<li>We discovered how the Pegasus spyware was brought to Hungary.<\/li>\r\n<li>Our articles remain relevant long after publication.<\/li>\r\n<li>We dig deep, ask questions, and investigate fiercely.<\/li>\r\n<li>We spend every penny of support on investigation, and account for it.<\/li>\r\n<li>Our supporters get an insight of the backstories of our investigations.<\/li>\r\n<li>\u201cYou are real heroes\u201d (a supporter)<\/li>\r\n<li>If you support investigative journalism, you invest in democracy.<\/li>\r\n<\/ol>\r\n\r\n\r\n\r\n\r\n\t\t\t\t<\/section>\r\n\t    <\/div>\r\n\t  <\/div>\r\n<!-- accordion item 6 -- end -->\r\n<\/div>\r\n\n<h3>How can you support us?<\/h3>\n<p>With your debit\/credit card (via PayPal), PayPal account or bank transfer. You can find more details by clicking on the supporter categories on the buttons above. It is important to note that we welcome any amount of support. If you encounter any problems with the transfer, write to us at <a href=\"mailto:info@direkt36.hu\" rel=\"noopener\" target=\"_blank\">info@direkt36.hu<\/a> and we will help you!<\/p>\n<h3>What do you get in return?<\/h3>\n<p>By joining the Direkt36 supporter community, you will not only get solid, fact-based investigative stories, but you will also have insight into this exciting work. You will be the first to learn about the results of our investigations and we will also share the behind-the-scenes details of our investigations with you. For more details, click on the individual sponsor categories on the buttons above.<\/p>\n<p><\/p>\n<p>Do you need help or have any questions? Contact us at <a href=\"mailto:info@direkt36.hu\" rel=\"noopener\" target=\"_blank\">info@direkt36.hu<\/a><\/p>\n<\/div>\n<\/div>\n<div style=\"text-align: center; margin:0 5%;\">\nHelp us to reach more people, share the campaign page!<br \/>\nThank you!<\/p>\n<div class=\"a2a_kit\" style=\"margin-bottom:1em;\">\n    <a class=\"a2a_button_facebook\"><img decoding=\"async\" src=\"\/\/www.direkt36.hu\/wp-content\/themes\/direkt36\/images\/facebook.svg\" border=\"0\" alt=\"Facebook\" ><\/a> <a class=\"a2a_button_twitter\"><img decoding=\"async\" src=\"\/\/www.direkt36.hu\/wp-content\/themes\/direkt36\/images\/twitter.svg\" border=\"0\" alt=\"Twitter\" ><\/a> <a class=\"a2a_button_email\"><img decoding=\"async\" src=\"\/\/www.direkt36.hu\/wp-content\/themes\/direkt36\/images\/email.svg\" border=\"0\" alt=\"Email\" ><\/a>\n<\/div>\n<p><script type=\"text\/javascript\" src=\"\/\/static.addtoany.com\/menu\/page.js\"><\/script>\n<\/div>\n<p><!--more--><\/p>","protected":false},"excerpt":{"rendered":"<p>Sorry, this entry is only available in Magyar. Kik vagyunk? A Direkt36 2015 \u00f3ta m\u0171k\u00f6d\u0151 t\u00e9nyfelt\u00e1r\u00f3 \u00fajs\u00e1g\u00edr\u00f3 k\u00f6zpont. Minden er\u0151nket a hatalmon l\u00e9v\u0151k ellen\u0151rz\u00e9s\u00e9re, a vissza\u00e9l\u00e9sek felt\u00e1r\u00e1s\u00e1ra, az eltitkolt t\u00f6rt\u00e9n\u00e9sek bemutat\u00e1s\u00e1ra \u00f6sszpontos\u00edtjuk. Olvas\u00f3ink p\u00e9nzbeli t\u00e1mogat\u00e1s\u00e1nak k\u00f6sz\u00f6nhet\u0151, hogy ezt megtehetj\u00fck. Hogyan t\u00e1mogathatsz? Bankk\u00e1rty\u00e1val (PayPalon kereszt\u00fcl), PayPal-sz\u00e1ml\u00e1r\u00f3l vagy banki \u00e1tutal\u00e1ssal. B\u0151vebb inform\u00e1ci\u00f3t a t\u00e1mogat\u00f3i kateg\u00f3ri\u00e1kra kattintva tal\u00e1lsz [&hellip;]<\/p>\n","protected":false},"author":2,"featured_media":0,"parent":0,"menu_order":0,"comment_status":"closed","ping_status":"closed","template":"page-templates\/page-static.php","meta":{"footnotes":""},"class_list":["post-9863","page","type-page","status-publish","hentry"],"_links":{"self":[{"href":"https:\/\/direkt36.exot.hu\/en\/wp-json\/wp\/v2\/pages\/9863","targetHints":{"allow":["GET"]}}],"collection":[{"href":"https:\/\/direkt36.exot.hu\/en\/wp-json\/wp\/v2\/pages"}],"about":[{"href":"https:\/\/direkt36.exot.hu\/en\/wp-json\/wp\/v2\/types\/page"}],"author":[{"embeddable":true,"href":"https:\/\/direkt36.exot.hu\/en\/wp-json\/wp\/v2\/users\/2"}],"replies":[{"embeddable":true,"href":"https:\/\/direkt36.exot.hu\/en\/wp-json\/wp\/v2\/comments?post=9863"}],"version-history":[{"count":15,"href":"https:\/\/direkt36.exot.hu\/en\/wp-json\/wp\/v2\/pages\/9863\/revisions"}],"predecessor-version":[{"id":9888,"href":"https:\/\/direkt36.exot.hu\/en\/wp-json\/wp\/v2\/pages\/9863\/revisions\/9888"}],"wp:attachment":[{"href":"https:\/\/direkt36.exot.hu\/en\/wp-json\/wp\/v2\/media?parent=9863"}],"curies":[{"name":"wp","href":"https:\/\/api.w.org\/{rel}","templated":true}]}}